{"id":1026,"date":"2020-07-06T09:33:14","date_gmt":"2020-07-06T07:33:14","guid":{"rendered":"https:\/\/fcsjelche.umh.es\/?page_id=1026"},"modified":"2025-04-02T12:40:05","modified_gmt":"2025-04-02T10:40:05","slug":"actividades","status":"publish","type":"page","link":"https:\/\/fcsjelche.umh.es\/ca\/actividades\/","title":{"rendered":"Activitats"},"content":{"rendered":"<p><\/p>\n<h3><strong><span style=\"color: #000000\">CURS 2020-2021<\/span><\/strong><\/h3>\n<hr \/>\n<h4><strong><a href=\"https:\/\/fcsjelche.umh.es\/2021\/07\/15\/estudiantes-de-cau-ganan-el-premio-especial-categoria-jovenes-realizadores-en-los-premios-alce-por-la-pieza-feel-the-love\/\">Programa de Pr\u00e1cticas COMUNIC_A \/ Premios Alce Categor\u00eda J\u00f3venes Realizadores<\/a><\/strong><\/h4>\n<h4><strong><a href=\"https:\/\/fcsjelche.umh.es\/2021\/07\/02\/un-proyecto-de-miniserie-elaborado-por-estudiantes-de-comunicacion-audiovisual-de-la-umh-seleccionado-en-la-tercera-edicion-del-talent-audiovisual-universitari-pitching-universitats-valencianes\/\">Tercera edici\u00f3n del Talent Audiovisual Universitari, Pitching Universitats Valencianes \u2013 Sector Audiovisual<\/a><\/strong><\/h4>\n<h4><strong><a href=\"https:\/\/fcsjelche.umh.es\/2021\/06\/16\/convocatoria-3a-edicion-programa-atenea\/\">3\u00aa Edici\u00f3n Programa Atenea<\/a><\/strong><\/h4>\n<h4><strong><a href=\"https:\/\/fcsjelche.umh.es\/2021\/06\/10\/visionado-cortometrajes-transversales-2o-curso-cau-caup\/\">Proyecto Cortometraje Transversal CAU \/ CAUP<\/a><\/strong><\/h4>\n<h4><strong><a href=\"https:\/\/fcsjelche.umh.es\/2021\/05\/13\/salidas-profesionales-para-ade-y-dade-jornada-online\/\">Salidas Profesionales para ADE y DADE (Jornada Online)<\/a><\/strong><\/h4>\n<h4><strong><a href=\"https:\/\/fcsjelche.umh.es\/2021\/05\/13\/masterclass-guion-tecnico-para-television-en-directo-con-angel-manuel-lopez\/\">Masterclass \u201cGuion t\u00e9cnico para televisi\u00f3n en directo\u201d con \u00c1ngel Manuel L\u00f3pez<\/a><\/strong><\/h4>\n<h4><strong><a href=\"https:\/\/fcsjelche.umh.es\/2021\/05\/11\/i-seminario-online-el-videojuego-en-el-marco-contemporaneo\/\" target=\"_blank\" rel=\"noopener noreferrer\">I Seminario EL VIDEOJUEGO EN EL MARCO CONTEMPOR\u00c1NEO<\/a><\/strong><\/h4>\n<h4><strong><a href=\"https:\/\/fcsjelche.umh.es\/2021\/05\/08\/mas-de-150-personas-asisten-al-webinar-sobre-la-politica-monetaria-europea-tras-las-grandes-crisis-actuales-de-la-revision-teorica-al-covid-19\/\" target=\"_blank\" rel=\"noopener noreferrer\">Webinar: Pol\u00edtica Monetaria Europea tras las grandes crisis actuales. De la revisi\u00f3n te\u00f3rica al COVID-19<\/a><\/strong><\/h4>\n<h4><strong><a href=\"https:\/\/cienciajuridica.umh.es\/2013\/10\/14\/seminario-permanente-de-actualidad-juridica\/\" target=\"_blank\" rel=\"noopener noreferrer\">VI Seminario Permanente de Actualidad Jur\u00eddica<\/a><\/strong><\/h4>\n<h4><strong><a href=\"https:\/\/fcsjelche.umh.es\/2021\/04\/06\/vuelve-basicos-de-cine-en-su-4a-edicion\/\" target=\"_blank\" rel=\"noopener noreferrer\">4\u00aa edici\u00f3n Ciclo B\u00e1sicos de Cine<\/a><\/strong><\/h4>\n<h4><strong><a href=\"https:\/\/fcsjelche.umh.es\/2021\/04\/14\/abierta-la-inscripcion-para-la-quinta-edicion-del-festival-de-cine-universitario-zoom-in\/\" target=\"_blank\" rel=\"noopener noreferrer\">Festival de Cine Universitario Zoom In<\/a><\/strong><\/h4>\n<h4><strong><a href=\"https:\/\/fcsjelche.umh.es\/2021\/03\/05\/escape-room-virtual-para-conmemorar-el-dia-internacional-de-la-mujer\/\" target=\"_blank\" rel=\"noopener noreferrer\">Escape room virtual D\u00eda Internacional de la Mujer<\/a><\/strong><\/h4>\n<h4><strong><a href=\"https:\/\/fcsjelche.umh.es\/2020\/11\/25\/webinar-aplicacion-de-algoritmos-de-machine-learning-en-la-empresa-ejemplos-practicos\/\" target=\"_blank\" rel=\"noopener noreferrer\">Webinar: Aplicaci\u00f3n de algoritmos de Machine Learning en la empresa: ejemplos pr\u00e1cticos<\/a><\/strong><\/h4>\n<h4><strong><a href=\"https:\/\/fcsjelche.umh.es\/2021\/03\/31\/celebracion-de-la-fase-local-de-la-olimpiada-de-economia\/\" target=\"_blank\" rel=\"noopener noreferrer\">Olimpiadas de Econom\u00eda<\/a><\/strong><\/h4>\n<h4><strong><a href=\"https:\/\/fcsjelche.umh.es\/2021\/02\/24\/celebrada-la-4a-jornada-comunic_a-de-publicidad-audiovisual\/\" target=\"_blank\" rel=\"noopener noreferrer\">4\u00aa Jornada COMUNIC_A<\/a><\/strong><\/h4>\n<h4><strong><a href=\"https:\/\/fcsjelche.umh.es\/2020\/11\/18\/orquesta-los-bengalas-de-la-escuela-de-cine-umh-candidato-a-los-premios-goya-2021\/\" target=\"_blank\" rel=\"noopener noreferrer\">Escuela de Cine UMH 5\u00aa edici\u00f3n<\/a><\/strong><\/h4>\n<h4><strong><a href=\"https:\/\/fcsjelche.umh.es\/2021\/04\/13\/v-edicion-del-seminario-internacional-de-posproduccion-y-arte-digital\/\" target=\"_blank\" rel=\"noopener noreferrer\">V Seminario Internacional de Posproducci\u00f3n y Arte Digital<\/a><\/strong><\/h4>\n<h4><strong><a href=\"https:\/\/fcsjelche.umh.es\/2021\/03\/17\/primera-edicion-del-seminario-internacional-de-grafica-visual-y-animacion-sigva-en-caup\/\" target=\"_blank\" rel=\"noopener noreferrer\">I Seminario Internacional de Gr\u00e1fica Visual y Animaci\u00f3n<\/a><\/strong><\/h4>\n<h4><strong><a href=\"https:\/\/comunicacion.umh.es\/2020\/11\/27\/vii-seminario-en-creatividad-y-lenguaje-audiovisual\/\" target=\"_blank\" rel=\"noopener noreferrer\">VII Seminario de Creatividad y Lenguaje Audiovisual<\/a><\/strong><\/h4>\n<h4><strong><a href=\"http:\/\/cau.edu.umh.es\/estudiantado\/actividades-y-proyectos-cau\/seminario-5-y-accion\/\" target=\"_blank\" rel=\"noopener noreferrer\">Seminario 5 y Acci\u00f3n!<\/a><\/strong><\/h4>\n<h4><strong><a href=\"http:\/\/createlevision.edu.umh.es\/\" target=\"_blank\" rel=\"noopener noreferrer\">Crea TV<\/a><\/strong><\/h4>\n<h4><strong><a href=\"http:\/\/unaumhfueradeseries.edu.umh.es\/\" target=\"_blank\" rel=\"noopener noreferrer\">Una UMH Fuera de Series<\/a><\/strong><\/h4>\n<h4><strong><a href=\"http:\/\/cau.edu.umh.es\/estudiantado\/actividades-y-proyectos-cau\/international-student-film-project-isfp\/\" target=\"_blank\" rel=\"noopener noreferrer\">International Student Film Project<\/a><\/strong><\/h4>\n<p><\/p>","protected":false},"excerpt":{"rendered":"<p>CURS 2020-2021<\/p>\n<p>Programa de Pr\u00e1cticas COMUNIC_A \/ Premios Alce Categor\u00eda J\u00f3venes Realizadores<br \/>\nTercera edici\u00f3n del Talent Audiovisual Universitari, Pitching Universitats Valencianes \u2013 Sector Audiovisual<br \/>\n3\u00aa Edici\u00f3n Programa Atenea<br \/>\nProyecto Cortometraje Transversal CAU \/ CAUP<br \/>\nSalidas Profesionales para ADE y DADE (Jornada Online)<br \/>\nMasterclass \u201cGuion t\u00e9cnico para televisi\u00f3n en directo\u201d con \u00c1ngel Manuel L\u00f3pez<br \/>\nI Seminario EL VIDEOJUEGO EN EL MARCO CONTEMPOR\u00c1NEO<br \/>\nWebinar: Pol\u00edtica [&#8230;]<\/p>\n","protected":false},"author":1724,"featured_media":0,"parent":0,"menu_order":300,"comment_status":"closed","ping_status":"closed","template":"","meta":{"_links_to":"","_links_to_target":""},"_links":{"self":[{"href":"https:\/\/fcsjelche.umh.es\/ca\/wp-json\/wp\/v2\/pages\/1026"}],"collection":[{"href":"https:\/\/fcsjelche.umh.es\/ca\/wp-json\/wp\/v2\/pages"}],"about":[{"href":"https:\/\/fcsjelche.umh.es\/ca\/wp-json\/wp\/v2\/types\/page"}],"author":[{"embeddable":true,"href":"https:\/\/fcsjelche.umh.es\/ca\/wp-json\/wp\/v2\/users\/1724"}],"replies":[{"embeddable":true,"href":"https:\/\/fcsjelche.umh.es\/ca\/wp-json\/wp\/v2\/comments?post=1026"}],"version-history":[{"count":0,"href":"https:\/\/fcsjelche.umh.es\/ca\/wp-json\/wp\/v2\/pages\/1026\/revisions"}],"wp:attachment":[{"href":"https:\/\/fcsjelche.umh.es\/ca\/wp-json\/wp\/v2\/media?parent=1026"}],"curies":[{"name":"wp","href":"https:\/\/api.w.org\/{rel}","templated":true}]}}