{"id":1040,"date":"2020-07-16T19:11:53","date_gmt":"2020-07-16T17:11:53","guid":{"rendered":"https:\/\/fcsjelche.umh.es\/?page_id=1040"},"modified":"2025-06-23T18:18:44","modified_gmt":"2025-06-23T16:18:44","slug":"informacion-academica","status":"publish","type":"page","link":"https:\/\/fcsjelche.umh.es\/ca\/estudiantes\/informacion-academica\/","title":{"rendered":"Informaci\u00f3 Acad\u00e8mica"},"content":{"rendered":"<p>Tots els enlla\u00e7os obrin en pestanya nova.:<\/p>\n<h3><strong><a href=\"https:\/\/estudios.umh.es\/ca\/acceso\/\" target=\"_blank\" rel=\"noopener noreferrer\">Acc\u00e9s i admissi\u00f3<\/a><\/strong><\/h3>\n<h3><strong><a href=\"https:\/\/estudios.umh.es\/ca\/matriculacion\/\" target=\"_blank\" rel=\"noopener noreferrer\">Matr\u00edcula<\/a><\/strong><\/h3>\n<h3><strong><a href=\"https:\/\/estudios.umh.es\/ca\/calendario-academico\/\" target=\"_blank\" rel=\"noopener noreferrer\">Calendari acad\u00e8mic<\/a><\/strong><\/h3>\n<h3><strong><a href=\"https:\/\/www.umh.es\/contenido\/PDI\/:calendario\/datos_val.html\" target=\"_blank\" rel=\"noopener noreferrer\">Calendari acad\u00e8mic visual<\/a><\/strong><\/h3>\n<h3><strong><a href=\"https:\/\/estudios.umh.es\/ca\/becas\/\" target=\"_blank\" rel=\"noopener noreferrer\">Beques<\/a><\/strong><\/h3>\n<h3><strong><a href=\"https:\/\/internacional.umh.es\/ca\/\" target=\"_blank\" rel=\"noopener noreferrer\">Movilitat<\/a><\/strong><\/h3>\n<h3><strong><a href=\"https:\/\/observatorio.umh.es\/ca\/\" target=\"_blank\" rel=\"noopener noreferrer\">Observatori Ocupacional<\/a><\/strong><\/h3>\n<p><\/p>","protected":false},"excerpt":{"rendered":"<p>Tots els enlla\u00e7os obrin en pestanya nova.:<br \/>\nAcc\u00e9s i admissi\u00f3<br \/>\nMatr\u00edcula<br \/>\nCalendari acad\u00e8mic<br \/>\nCalendari acad\u00e8mic visual<br \/>\nBeques<br \/>\nMovilitat<br \/>\nObservatori Ocupacional<\/p>\n","protected":false},"author":1724,"featured_media":0,"parent":31,"menu_order":201,"comment_status":"closed","ping_status":"closed","template":"","meta":{"_links_to":"","_links_to_target":""},"_links":{"self":[{"href":"https:\/\/fcsjelche.umh.es\/ca\/wp-json\/wp\/v2\/pages\/1040"}],"collection":[{"href":"https:\/\/fcsjelche.umh.es\/ca\/wp-json\/wp\/v2\/pages"}],"about":[{"href":"https:\/\/fcsjelche.umh.es\/ca\/wp-json\/wp\/v2\/types\/page"}],"author":[{"embeddable":true,"href":"https:\/\/fcsjelche.umh.es\/ca\/wp-json\/wp\/v2\/users\/1724"}],"replies":[{"embeddable":true,"href":"https:\/\/fcsjelche.umh.es\/ca\/wp-json\/wp\/v2\/comments?post=1040"}],"version-history":[{"count":0,"href":"https:\/\/fcsjelche.umh.es\/ca\/wp-json\/wp\/v2\/pages\/1040\/revisions"}],"up":[{"embeddable":true,"href":"https:\/\/fcsjelche.umh.es\/ca\/wp-json\/wp\/v2\/pages\/31"}],"wp:attachment":[{"href":"https:\/\/fcsjelche.umh.es\/ca\/wp-json\/wp\/v2\/media?parent=1040"}],"curies":[{"name":"wp","href":"https:\/\/api.w.org\/{rel}","templated":true}]}}