{"id":1843,"date":"2022-01-22T16:31:56","date_gmt":"2022-01-22T15:31:56","guid":{"rendered":"https:\/\/fcsjelche.umh.es\/?page_id=1843"},"modified":"2024-01-15T18:19:00","modified_gmt":"2024-01-15T17:19:00","slug":"calidad","status":"publish","type":"page","link":"https:\/\/fcsjelche.umh.es\/ca\/calidad\/","title":{"rendered":"Qualitat"},"content":{"rendered":"<p><\/p>\n<h3 class=\"gmail_default\">Composici\u00f3 del Comit\u00e9 de Qualitat de la Facultat de Ci\u00e8ncies Socials i Jur\u00eddiques d&#8217;Elx<\/h3>\n<p>Segons disposa l&#8217;article 10 del Reglament de Funcionament dels \u00d2rgans Competents en Mat\u00e8ria de Qualitat de la Universitat Miguel Hern\u00e1ndez d&#8217;Elx (BOUMH de 8 d&#8217;octubre de 2021) , el Comit\u00e9 de Qualitat de la Facultat queda integrat per:<\/p>\n<p><strong><span style=\"color: #000000\"><a style=\"color: #000000\" href=\"https:\/\/www.umh.es\/contenido\/Universidad\/:persona_4227\/datos_es.html\">Escolano Asensi, Carmen V.<\/a><\/span><\/strong><br \/>\n<strong>Decana de Facultad de Ciencias Sociales y Jur\u00eddicas de Elche<\/strong><br \/>\n<span style=\"color: #000000\">Contacte:<\/span><br \/>\n<strong>+ 34 96 665 8695<\/strong><br \/>\n<span style=\"color: #000000\"><a style=\"color: #000000\" href=\"mailto:c.escolano@umh.es\"><strong>c.escolano@umh.es<\/strong><\/a><\/span><br \/>\n<span style=\"color: #000000\"><a style=\"color: #000000\" href=\"mailto:decana.fcsjelx@umh.es\"><strong>decana.fcsjelx@umh.es<\/strong><\/a><\/span><\/p>\n<p><strong><span style=\"color: #000000\"><a style=\"color: #000000\" href=\"https:\/\/www.umh.es\/contenido\/Universidad\/:persona_27891\/datos_es.html?marcaTxtBusc=ignacio%20mira%20solves\">Mira Solves, Ignacio<\/a><\/span><\/strong><br \/>\n<strong>Secretario de la Facultad de Ciencias Sociales y Jur\u00eddicas de Elche<\/strong><br \/>\n<span style=\"color: #000000\">Contacte:<\/span><br \/>\n<strong><span style=\"color: #000000\">+ 34 96 665 8964<\/span><\/strong><br \/>\n<strong><span style=\"color: #000000\"><a style=\"color: #000000\" href=\"mailto:imira@umh.es\">imira@umh.es<\/a><\/span><\/strong><\/p>\n<p><strong><span style=\"color: #000000\"><a style=\"color: #000000\" href=\"https:\/\/www.umh.es\/contenido\/Universidad\/:persona_5585\/datos_es.html\">Domenech S\u00e1nchez, Rafael Carlos<\/a><\/span><\/strong><br \/>\n<strong><span style=\"color: #000000\">Vicedecano de Coordinaci\u00f3n e Internacionalizaci\u00f3n\u00a0<\/span><\/strong><br \/>\n<span style=\"color: #000000\">Contacte:<\/span><br \/>\n<strong><span style=\"color: #000000\">+34 96 665 8921<\/span><\/strong><br \/>\n<strong><span style=\"color: #000000\"><a style=\"color: #000000\" href=\"mailto:r.domenech@umh.es\">r.domenech@umh.es<\/a><\/span><\/strong><br \/>\n<strong><span style=\"color: #000000\"><a style=\"color: #000000\" href=\"mailto:vicedec.coord@umh.es\">vicedec.coord@umh.es<\/a><\/span><\/strong><\/p>\n<p><strong><span style=\"color: #000000\"><a style=\"color: #000000\" href=\"https:\/\/www.umh.es\/contenido\/Universidad\/:persona_5577\/datos_es.html?marcaTxtBusc=Mar%C3%ADa%20Jos%C3%A9%20Alarc%C3%B3n%20Garc%C3%ADa\">Alarc\u00f3n Garc\u00eda, Mar\u00eda Jos\u00e9<\/a><\/span><\/strong><br \/>\n<strong>Vicedecano de Gesti\u00f3n Acad\u00e9mica y Calidad<\/strong><br \/>\n<span style=\"color: #000000\">Contacte:<\/span><br \/>\n<strong><span style=\"color: #000000\">+34 96 665 8699<\/span><\/strong><br \/>\n<strong><span style=\"color: #000000\"><a style=\"color: #000000\" href=\"mailto:mj.alarcon@umh.es\">mj.alarcon@umh.es<\/a><\/span><\/strong><br \/>\n<strong><span style=\"color: #000000\"><a style=\"color: #000000\" href=\"mailto:vicedec.gestacad.calidad@umh.es\">vicedec.gestacad.calidad@umh.es<\/a><\/span><\/strong><\/p>\n<hr \/>\n<hr \/>\n<p><strong><span style=\"color: #000000\"><a style=\"color: #000000\" href=\"https:\/\/www.umh.es\/contenido\/Universidad\/:persona_159820\/datos_es.html\">Garc\u00eda Mart\u00ednez, Jos\u00e9 Antonio\u00a0<\/a><\/span><\/strong><br \/>\n<strong><span style=\"color: #000000\">Vicedecano de Grado en Administraci\u00f3n y Direcci\u00f3n de Empresas<\/span><\/strong><br \/>\n<span style=\"color: #000000\">Contacte:<\/span><br \/>\n<span style=\"color: #000000\"><strong>+34 96 674 9840<\/strong><\/span><br \/>\n<strong><span style=\"color: #000000\"><a style=\"color: #000000\" href=\"mailto:francisco.martinezc@umh.es\">jose.garciam@umh.es<\/a><\/span><\/strong><br \/>\n<strong><span style=\"color: #000000\"><a style=\"color: #000000\" href=\"mailto:vicedec.cau@umh.es\">vicedec.ade@umh.es<\/a><\/span><\/strong><\/p>\n<p style=\"text-align: left\"><strong><span style=\"color: #000000\"><a style=\"color: #000000\" href=\"https:\/\/www.umh.es\/contenido\/Estudios\/:persona_111941\/datos_es.html\">Mart\u00ednez Cano, Francisco Juli\u00e1n<\/a><\/span><\/strong><br \/>\n<strong><span style=\"color: #000000\">Vicedecana de Grado en Comunicaci\u00f3n Audiovisual<\/span><\/strong><br \/>\n<span style=\"color: #000000\">Contacte:<\/span><br \/>\n<span style=\"color: #000000\"><strong>+34 96 522 2102<\/strong><\/span><br \/>\n<strong><span style=\"color: #000000\"><a style=\"color: #000000\" href=\"mailto:francisco.martinezc@umh.es\">francisco.martinez@umh.es<\/a><\/span><\/strong><br \/>\n<strong><span style=\"color: #000000\"><a style=\"color: #000000\" href=\"mailto:vicedec.cau@umh.es\">vicedec.cau@umh.es<\/a><\/span><\/strong><\/p>\n<p><strong><span style=\"color: #000000\"><a style=\"color: #000000\" href=\"https:\/\/www.umh.es\/contenido\/Universidad\/:persona_111572\/datos_es.html\">Ortega Gim\u00e9nez, Alfonso<\/a><\/span><\/strong><br \/>\n<strong><span style=\"color: #000000\">Vicedecano de Grado en Derecho<\/span><\/strong><br \/>\n<span style=\"color: #000000\">Contacte:<\/span><br \/>\n<span style=\"color: #000000\"><strong>+34 96 522 2447<\/strong><\/span><br \/>\n<strong><span style=\"color: #000000\"><a style=\"color: #000000\" href=\"mailto:alfonso.ortega@umh.es\">alfonso.ortega@umh.es<\/a><\/span><\/strong><br \/>\n<strong><span style=\"color: #000000\"><a style=\"color: #000000\" href=\"mailto:vicedec.derecho@umh.es\">vicedec.derecho@umh.es<\/a><\/span><\/strong><\/p>\n<p><strong><span style=\"color: #000000\"><a style=\"color: #000000\" href=\"https:\/\/www.umh.es\/contenido\/Universidad\/:persona_156894\/datos_es.html?marcaTxtBusc=paloma%20arrabal%20platero\">Arrabal Platero, Paloma<\/a><\/span><\/strong><br \/>\n<strong><span style=\"color: #000000\">Coordinadora de Grado en Derecho Semipresencial<\/span><\/strong><br \/>\n<span style=\"color: #000000\">Contacte:<\/span><br \/>\n<span style=\"color: #000000\"><strong>+34 96 665 8671<\/strong><\/span><br \/>\n<strong><span style=\"color: #000000\"><a style=\"color: #000000\" href=\"mailto:p.arrabal@umh.es\">p.arrabal@umh.es<\/a><\/span><\/strong><br \/>\n<strong><span style=\"color: #000000\"><a style=\"color: #000000\" href=\"mailto:vicedec.derecho_sp@umh.es\">vicedec.derecho_sp@umh.es<\/a><\/span><\/strong><\/p>\n<p><strong><span style=\"color: #000000\"><a style=\"color: #000000\" href=\"https:\/\/www.umh.es\/contenido\/Universidad\/:persona_4485\/datos_es.html\">Sainz-Pardo Au\u00f1\u00f3n, Jos\u00e9 Luis<\/a><\/span><\/strong><br \/>\n<strong><span style=\"color: #000000\">Vicedecano de Grado en Estad\u00edstica Empresarial<\/span><\/strong><br \/>\n<span style=\"color: #000000\">Contacte:<\/span><br \/>\n<span style=\"color: #000000\"><strong>+34 96 665 8644<\/strong><\/span><br \/>\n<strong><span style=\"color: #000000\"><a style=\"color: #000000\" href=\"mailto:jlsainz@umh.es\">jlsainz@umh.es<\/a><\/span><\/strong><br \/>\n<strong><span style=\"color: #000000\"><a style=\"color: #000000\" href=\"mailto:vicedec.ee@umh.es\">vicedec.ee@umh.es<\/a><\/span><\/strong><\/p>\n<p><strong><span style=\"color: #000000\"><a style=\"color: #000000\" href=\"https:\/\/www.umh.es\/contenido\/Universidad\/:persona_129652\/datos_es.html\">Arias Robles, F\u00e9lix<\/a><\/span><\/strong><br \/>\n<strong><span style=\"color: #000000\">Vicedecani del Grado en Periodismo<\/span><\/strong><br \/>\n<span style=\"color: #000000\">Contacte:<\/span><br \/>\n<span style=\"color: #000000\"><strong>+34 96 522 2416<\/strong><\/span><br \/>\n<strong><span style=\"color: #000000\"><a style=\"color: #000000\" href=\"mailto:farias@umh.es\">farias@umh.es<\/a><\/span><\/strong><br \/>\n<strong><span style=\"color: #000000\"><a style=\"color: #000000\" href=\"mailto:vicedec.periodismo@umh.es\">videdec.periodismo@umh.es<\/a><\/span><\/strong><\/p>\n<p><strong><span style=\"color: #000000\"><a style=\"color: #000000\" href=\"https:\/\/www.umh.es\/contenido\/Universidad\/:persona_3856\/datos_es.html\">Cremades Garc\u00eda, Purificaci\u00f3n<\/a><\/span><\/strong><br \/>\n<strong><span style=\"color: #000000\">Vicedecana de Grado en Relaciones Laborales y Recursos Humanos<\/span><\/strong><br \/>\n<span style=\"color: #000000\">Contacte:<\/span><br \/>\n<span style=\"color: #000000\"><strong>+34 96 665 8550<\/strong><\/span><br \/>\n<strong><span style=\"color: #000000\"><a style=\"color: #000000\" href=\"mailto:p.cremades@umh.es\">p.cremades@umh.es<\/a><\/span><\/strong><br \/>\n<strong><span style=\"color: #000000\"><a style=\"color: #000000\" href=\"mailto:vicedec.rrllrrhh@umh.es\">vicedec.rrllrrhh@umh.es<\/a><\/span><\/strong><\/p>\n<p><span style=\"color: #000000\"><a style=\"color: #000000\" href=\"https:\/\/www.umh.es\/contenido\/Estudios\/:persona_142753\/datos_es.html\"><span style=\"text-decoration: underline\"><strong>Esteve Ba\u00f1\u00f3n, Zoraida<\/strong><\/span><\/a><\/span><br \/>\n<strong><span style=\"color: #000000\">Coordinadora de \u00c1rea del Grado en Seguridad P\u00fablica y Privada<\/span><\/strong><br \/>\n<span style=\"color: #000000\">Contacte:<\/span><br \/>\n<span style=\"color: #000000\"><strong>+34 96 522 2085<\/strong><\/span><br \/>\n<strong><span style=\"color: #000000\"><a style=\"color: #000000\" href=\"mailto:zesteve@umh.es\" target=\"_blank\" rel=\"noopener\">zesteve@umh.es<\/a><\/span><\/strong><br \/>\n<strong><span style=\"color: #000000\"><a style=\"color: #000000\" href=\"mailto:coord.segpp@umh.es\">coord.segpp@umh.es<\/a><\/span><\/strong><\/p>\n<p><strong><span style=\"color: #000000\"><a style=\"color: #000000\" href=\"https:\/\/www.umh.es\/contenido\/Universidad\/:persona_151519\/datos_es.html\">Ort\u00edz del Valle, Mar\u00eda del Carmen<\/a><\/span><\/strong><br \/>\n<strong><span style=\"color: #000000\">Vicedecana del Doble Grado en Derecho y Administraci\u00f3n y Direcci\u00f3n de Empresas<\/span><\/strong><br \/>\n<span style=\"color: #000000\">Contacte:<\/span><br \/>\n<span style=\"color: #000000\"><strong>+34 96 522 2095<\/strong><\/span><br \/>\n<strong><span style=\"color: #000000\"><a style=\"color: #000000\" href=\"mailto:maria.ortiz@umh.es\">maria.ortiz@umh.es<\/a><\/span><\/strong><br \/>\n<strong><span style=\"color: #000000\"><a style=\"color: #000000\" href=\"mailto:vicedec.dade@umh.es\">vicedec.dade@umh.es<\/a><\/span><\/strong><\/p>\n<p><strong><span style=\"color: #000000\"><a style=\"color: #000000\" href=\"https:\/\/www.umh.es\/contenido\/Universidad\/:persona_4728\/datos_es.html\">P\u00e9rez Valero, Vicente Javier<\/a><\/span><\/strong><br \/>\n<strong><span style=\"color: #000000\">Coordinadora de Proyecci\u00f3n del Grado en Administraci\u00f3n y Direcci\u00f3n de Empresas<\/span><\/strong><br \/>\n<span style=\"color: #000000\">Contacte:<\/span><br \/>\n<span style=\"color: #000000\"><strong>+34 96 665 8727<\/strong><\/span><br \/>\n<strong><span style=\"color: #000000\"><a style=\"color: #000000\" href=\"mailto:v.perez@umh.es\">v.perez@umh.es<\/a><\/span><\/strong><br \/>\n<strong><span style=\"color: #000000\"><a style=\"color: #000000\" href=\"mailto:vicedec.caup@umh.es\">vicedec.caup@umh.es<\/a><\/span><\/strong><\/p>\n<hr \/>\n<hr \/>\n<p><strong><span style=\"color: #000000\"><a style=\"color: #000000\" href=\"https:\/\/www.umh.es\/contenido\/pdi\/:persona_4215\/datos_es.html\">G\u00f3mez Gras, Jos\u00e9 Mar\u00eda<\/a><\/span><\/strong><br \/>\n<strong><span style=\"color: #000000\">Director del Master en Administraci\u00f3n y Direcci\u00f3n de Empresas (MBA)<\/span><\/strong><br \/>\n<span style=\"color: #000000\">Contacte:<\/span><br \/>\n<strong><span style=\"color: #000000\">+34 96 665 8724<\/span><\/strong><br \/>\n<strong><span style=\"color: #000000\"><a style=\"color: #000000\" href=\"mailto:gras@umh.es\">gras@umh.es<\/a><\/span><\/strong><\/p>\n<p><strong><span style=\"color: #000000\"><a style=\"color: #000000\" href=\"https:\/\/www.umh.es\/contenido\/pdi\/:persona_27957\/datos_es.html\">Mir\u00f3 Llinares, Fernando<\/a><\/span><\/strong><br \/>\n<strong><span style=\"color: #000000\">Director del Master en An\u00e1lisis y Prevenci\u00f3n del Crimen<\/span><\/strong><br \/>\n<span style=\"color: #000000\">Contacte:<\/span><br \/>\n<strong><span style=\"color: #000000\">+34 96 522 2590<\/span><\/strong><br \/>\n<span style=\"color: #000000\"><strong><a style=\"color: #000000\" href=\"mailto:fmiro@umh.es\">fmiro@umh.es<\/a><\/strong><\/span><\/p>\n<p><strong><span style=\"color: #000000\"><a style=\"color: #000000\" href=\"https:\/\/www.umh.es\/contenido\/Estudiantes\/:persona_108878\/datos_es.html\">Ferr\u00fas Batiste, Jordi<\/a><\/span><\/strong><br \/>\n<strong><span style=\"color: #000000\">Director del Master en Antropolog\u00eda Social Pr\u00e1ctica<\/span><\/strong><br \/>\n<span style=\"color: #000000\">Contacte:<\/span><br \/>\n<strong><span style=\"color: #000000\">+34 96 665 8648<\/span><\/strong><br \/>\n<strong><span style=\"color: #000000\"><a style=\"color: #000000\" href=\"mailto:jferrus@umh.es\">jferrus@umh.es<\/a><\/span><\/strong><\/p>\n<p><strong><span style=\"color: #000000\"><a style=\"color: #000000\" href=\"https:\/\/www.umh.es\/contenido\/Investigacion\/:persona_4106\/datos_es.html\">Aliaga Agull\u00f3, Eva<\/a><\/span><\/strong><br \/>\n<strong><span style=\"color: #000000\">Directora del Master en Asesor\u00eda Fiscal<\/span><\/strong><br \/>\n<span style=\"color: #000000\">Contacte:<\/span><br \/>\n<strong><span style=\"color: #000000\">+34 96 665 8913<\/span><\/strong><br \/>\n<strong><span style=\"color: #000000\"><a style=\"color: #000000\" href=\"mailto:eva.aliaga@umh.es\">eva.aliaga@umh.es<\/a><\/span><\/strong><\/p>\n<p><span style=\"color: #000000\"><a style=\"color: #000000\" href=\"https:\/\/www.umh.es\/contenido\/Investigacion\/:persona_5303\/datos_es.html\"><strong>Gonz\u00e1lez Carbonell, Jos\u00e9 Francisco<\/strong><\/a><\/span><br \/>\n<span style=\"color: #000000\"><strong>Director del Master en Auditor\u00eda de Cuentas<br \/>\nDirector del Master en Contabilidad y Finanzas Avanzadas<\/strong><\/span><br \/>\n<span style=\"color: #000000\">Contacte:<\/span><br \/>\n<span style=\"color: #000000\"><strong>+34 96 522 2549<\/strong><\/span><br \/>\n<span style=\"color: #000000\"><a style=\"color: #000000\" href=\"mailto:jf.gonzalez@umh.es\"><strong>jf.gonzalez@umh.es<\/strong><\/a><\/span><\/p>\n<p><strong><span style=\"color: #000000\"><a style=\"color: #000000\" href=\"https:\/\/www.umh.es\/contenido\/Investigacion\/:persona_108446\/datos_es.html\">Tellez Infantes, Anastasia<\/a><\/span><\/strong><br \/>\n<strong><span style=\"color: #000000\">Directora del Master en Igualdad de G\u00e9nero en el \u00c1mbito P\u00fablico y Privado<\/span><\/strong><br \/>\n<span style=\"color: #000000\">Contacte:<\/span><br \/>\n<strong><span style=\"color: #000000\">+34 96 522 2490<\/span><\/strong><br \/>\n<strong><span style=\"color: #000000\"><a style=\"color: #000000\" href=\"mailto:atellez@umh.es\">atellez@umh.es<\/a><\/span><\/strong><\/p>\n<p><strong><span style=\"color: #000000\"><a style=\"color: #000000\" href=\"https:\/\/www.umh.es\/contenido\/Estudios\/:persona_136403\/datos_es.html\">Carvajal Prieto, Miguel\u00a0<\/a><\/span><\/strong><br \/>\n<strong><span style=\"color: #000000\">Director del Master en Innovaci\u00f3n en Periodismo<\/span><\/strong><br \/>\n<span style=\"color: #000000\">Contacte:<\/span><br \/>\n<span style=\"color: #000000\"><strong>+34 96 522 2415<\/strong><\/span><br \/>\n<span style=\"color: #000000\"><strong><a style=\"color: #000000\" href=\"mailto:mcarvajal@umh.es\">mcarvajal@umh.es<\/a><\/strong><\/span><\/p>\n<p><strong><span style=\"color: #000000\"><a style=\"color: #000000\" href=\"https:\/\/www.umh.es\/contenido\/Universidad\/:persona_108451\/datos_es.html\">Est\u00e9vez Casellas, Cordelia<\/a><\/span><\/strong><br \/>\n<strong><span style=\"color: #000000\">Directora del Master en Intervenci\u00f3n Criminol\u00f3gica y Victimol\u00f3gica<\/span><\/strong><br \/>\n<span style=\"color: #000000\">Contacte:<\/span><br \/>\n<span style=\"color: #000000\"><strong>+34 96 591 9472<\/strong><\/span><br \/>\n<span style=\"color: #000000\"><a style=\"color: #000000\" href=\"mailto:c.estevez@umh.es\"><strong>c.estevez@umh.es<\/strong><\/a><\/span><\/p>\n<hr \/>\n<hr \/>\n<p><strong><span style=\"color: #000000\"><a style=\"color: #000000\" href=\"https:\/\/www.umh.es\/contenido\/Visitantes\/:persona_260116\/datos_es.html\">Salinas Navarro, Beatriz<\/a><\/span><\/strong><br \/>\n<strong><span style=\"color: #000000\">Miembro del Personal de Administraci\u00f3n y Servicios<\/span><\/strong><br \/>\n<span style=\"color: #000000\">Contacto:<\/span><br \/>\n<span style=\"color: #000000\"><strong>+34 96 522 2052<\/strong><\/span><br \/>\n<strong><span style=\"color: #000000\"><a style=\"color: #000000\" href=\"mailto:bsalinas@umh.es\">bsalinas@umh.es<\/a><\/span><\/strong><\/p>\n<p><span style=\"color: #000000\"><strong>Valero Rodr\u00edguez, Mar\u00eda Asunci\u00f3n<br \/>\nDelegada de Centro de la Facultad<\/strong><\/span><br \/>\n<span style=\"color: #000000\">Contacte:<\/span><br \/>\n<span style=\"color: #000000\"><a style=\"color: #000000\" href=\"mailto:dec.ssjj_elche.delegacion@goumh.umh.es\"><strong>dec.ssjj_elche.delegacion@goumh.umh.es<\/strong><\/a><\/span><\/p>","protected":false},"excerpt":{"rendered":"<p>Composici\u00f3 del Comit\u00e9 de Qualitat de la Facultat de Ci\u00e8ncies Socials i Jur\u00eddiques d&#8217;Elx<br \/>\nSegons disposa l&#8217;article 10 del Reglament de Funcionament dels \u00d2rgans Competents en Mat\u00e8ria de Qualitat de la Universitat Miguel Hern\u00e1ndez d&#8217;Elx (BOUMH de 8 d&#8217;octubre de 2021) , el Comit\u00e9 de Qualitat de la Facultat queda integrat per:<br \/>\nEscolano Asensi, Carmen V.<br \/>\nDecana de [&#8230;]<\/p>\n","protected":false},"author":1724,"featured_media":0,"parent":0,"menu_order":370,"comment_status":"closed","ping_status":"closed","template":"","meta":{"_links_to":"","_links_to_target":""},"_links":{"self":[{"href":"https:\/\/fcsjelche.umh.es\/ca\/wp-json\/wp\/v2\/pages\/1843"}],"collection":[{"href":"https:\/\/fcsjelche.umh.es\/ca\/wp-json\/wp\/v2\/pages"}],"about":[{"href":"https:\/\/fcsjelche.umh.es\/ca\/wp-json\/wp\/v2\/types\/page"}],"author":[{"embeddable":true,"href":"https:\/\/fcsjelche.umh.es\/ca\/wp-json\/wp\/v2\/users\/1724"}],"replies":[{"embeddable":true,"href":"https:\/\/fcsjelche.umh.es\/ca\/wp-json\/wp\/v2\/comments?post=1843"}],"version-history":[{"count":0,"href":"https:\/\/fcsjelche.umh.es\/ca\/wp-json\/wp\/v2\/pages\/1843\/revisions"}],"wp:attachment":[{"href":"https:\/\/fcsjelche.umh.es\/ca\/wp-json\/wp\/v2\/media?parent=1843"}],"curies":[{"name":"wp","href":"https:\/\/api.w.org\/{rel}","templated":true}]}}