{"id":24,"date":"2014-04-02T02:41:13","date_gmt":"2014-04-02T00:41:13","guid":{"rendered":"http:\/\/fcsjelche.umh.es\/?page_id=24"},"modified":"2024-07-25T10:49:18","modified_gmt":"2024-07-25T08:49:18","slug":"titulaciones","status":"publish","type":"page","link":"https:\/\/fcsjelche.umh.es\/ca\/titulaciones\/","title":{"rendered":"Titulacions"},"content":{"rendered":"<p><\/p>\n<h3><strong>La Facultat de Ci\u00e8ncies Socials i Jur\u00eddiques d&#8217;Elx oferta 8 programes de Grau, 2 programes de Doctorat i 10 programes de M\u00e0ster.<\/strong><\/h3>\n<p>En xifres, el nostre centre alberga a m\u00e9s de 3.400 estudiants a temps complet, realitza m\u00e9s de 1.200 pr\u00e0ctiques a estudiants, t\u00e9 acords amb m\u00e9s de 460 institucions i empreses col\u00b7laboradores i mant\u00e9 acords internacionals amb m\u00e9s de 70 universitats europees i 83 no europees.<\/p>\n<h4><a href=\"https:\/\/fcsjelche.umh.es\/titulaciones\/grados\/\"><strong>Graus i Dobles Graus<\/strong><\/a><\/h4>\n<h4><a href=\"https:\/\/fcsjelche.umh.es\/titulaciones\/masteres\/\"><strong>M\u00e0steres Oficials<\/strong><\/a><\/h4>\n<h4><a href=\"https:\/\/fcsjelche.umh.es\/titulaciones\/doctorados\/\"><strong>Doctorats<\/strong><\/a><\/h4>\n<h4><a href=\"https:\/\/fcsjelche.umh.es\/titulaciones\/estudios-propios\/\"><strong>Estudis Propis<\/strong><\/a><\/h4>\n<h4><a href=\"https:\/\/fcsjelche.umh.es\/titulaciones\/planes-de-estudios\/\"><strong>Plans d&#8217;Estudis<\/strong><\/a><\/h4>\n<h4><a href=\"https:\/\/fcsjelche.umh.es\/titulaciones\/normativa-grados\/\"><strong>Normativa d&#8217;Estudis Oficials<\/strong><\/a><\/h4>\n<p><\/p>","protected":false},"excerpt":{"rendered":"<p>La Facultat de Ci\u00e8ncies Socials i Jur\u00eddiques d&#8217;Elx oferta 8 programes de Grau, 2 programes de Doctorat i 10 programes de M\u00e0ster.<br \/>\nEn xifres, el nostre centre alberga a m\u00e9s de 3.400 estudiants a temps complet, realitza m\u00e9s de 1.200 pr\u00e0ctiques a estudiants, t\u00e9 acords amb m\u00e9s de 460 institucions i empreses col\u00b7laboradores i mant\u00e9 acords [&#8230;]<\/p>\n","protected":false},"author":2674,"featured_media":0,"parent":0,"menu_order":100,"comment_status":"closed","ping_status":"open","template":"","meta":{"_links_to":"","_links_to_target":""},"_links":{"self":[{"href":"https:\/\/fcsjelche.umh.es\/ca\/wp-json\/wp\/v2\/pages\/24"}],"collection":[{"href":"https:\/\/fcsjelche.umh.es\/ca\/wp-json\/wp\/v2\/pages"}],"about":[{"href":"https:\/\/fcsjelche.umh.es\/ca\/wp-json\/wp\/v2\/types\/page"}],"author":[{"embeddable":true,"href":"https:\/\/fcsjelche.umh.es\/ca\/wp-json\/wp\/v2\/users\/2674"}],"replies":[{"embeddable":true,"href":"https:\/\/fcsjelche.umh.es\/ca\/wp-json\/wp\/v2\/comments?post=24"}],"version-history":[{"count":0,"href":"https:\/\/fcsjelche.umh.es\/ca\/wp-json\/wp\/v2\/pages\/24\/revisions"}],"wp:attachment":[{"href":"https:\/\/fcsjelche.umh.es\/ca\/wp-json\/wp\/v2\/media?parent=24"}],"curies":[{"name":"wp","href":"https:\/\/api.w.org\/{rel}","templated":true}]}}