{"id":284,"date":"2017-09-01T12:48:28","date_gmt":"2017-09-01T10:48:28","guid":{"rendered":"http:\/\/fcsjelche.umh.es\/?page_id=284"},"modified":"2025-10-01T10:47:48","modified_gmt":"2025-10-01T08:47:48","slug":"guia-ayuda-para-utilizar-la-aplicacion-tfg-para-profesores","status":"publish","type":"page","link":"https:\/\/fcsjelche.umh.es\/ca\/estudiantes\/trabajo-de-fin-de-grado\/guia-ayuda-para-utilizar-la-aplicacion-tfg-para-profesores\/","title":{"rendered":"Guia TFG per a professors"},"content":{"rendered":"<p>A continuaci\u00f3 pots descarregar els documents necessaris per al professorat:<\/p>\n<h3><a href=\"https:\/\/fcsjelche.umh.es\/files\/2019\/04\/GU\u00cdA-APLICACI\u00d3N-TFG_Tutor-MODELO-A-Y-B.pdf\">GUIA APLICACI\u00d3 TFG_Tutor MODEL A I B (Pdf)<\/a><\/h3>\n<h3><a href=\"https:\/\/fcsjelche.umh.es\/files\/2019\/04\/GU\u00cdA-APLICACI\u00d3N-TUTOR-EVALUACION-TFG.pdf\">GUIA APLICACI\u00d3 TUTOR AVALUACI\u00d3 TFG (Pdf)<\/a><\/h3>\n<h3><a href=\"https:\/\/fcsjelche.umh.es\/files\/2020\/07\/TUTOR_A-ANEXO_ACTA-INDIVIDUAL-SESIO\u0301N-EVALUATIVA-FINAL-DEL-TFG.pdf\" rel=\"noopener noreferrer\"><strong>Annex Informe Tutora i Acta individual de Sessi\u00f3 Avaluativa (Pdf)<\/strong><\/a><\/h3>\n<h3><a href=\"https:\/\/fcsjelche.umh.es\/files\/2019\/04\/GU\u00cdA-AYUDA-APLICACI\u00d3N-TFG_Responsable-Titulaci\u00f3n-1.pdf\">GUIA AJUDA APLICACI\u00d3 TFG_Responsable Titulaci\u00f3 (Pdf)<\/a><\/h3>\n<h3><a href=\"http:\/\/dspace.umh.es\/handle\/11000\/6\">POLSE L&#8217;ENLLA\u00c7 PER A CONSULTAR EL REPOSADOR EN BIBLIOTEQUES DE TFG <\/a><\/h3>\n<hr \/>\n<p>Per a consultar dubtes sobre TFGs contacta amb la Facultat de Ci\u00e8ncies Socials i Jur\u00eddiques d&#8217;Elx<\/p>","protected":false},"excerpt":{"rendered":"<p>A continuaci\u00f3 pots descarregar els documents necessaris per al professorat:<br \/>\nGUIA APLICACI\u00d3 TFG_Tutor MODEL A I B (Pdf)<br \/>\nGUIA APLICACI\u00d3 TUTOR AVALUACI\u00d3 TFG (Pdf)<br \/>\nAnnex Informe Tutora i Acta individual de Sessi\u00f3 Avaluativa (Pdf)<br \/>\nGUIA AJUDA APLICACI\u00d3 TFG_Responsable Titulaci\u00f3 (Pdf)<br \/>\nPOLSE L&#8217;ENLLA\u00c7 PER A CONSULTAR EL REPOSADOR EN BIBLIOTEQUES DE TFG <\/p>\n<p>Per a consultar dubtes sobre TFGs contacta amb la [&#8230;]<\/p>\n","protected":false},"author":309,"featured_media":0,"parent":47,"menu_order":20,"comment_status":"closed","ping_status":"closed","template":"","meta":{"_links_to":"","_links_to_target":""},"_links":{"self":[{"href":"https:\/\/fcsjelche.umh.es\/ca\/wp-json\/wp\/v2\/pages\/284"}],"collection":[{"href":"https:\/\/fcsjelche.umh.es\/ca\/wp-json\/wp\/v2\/pages"}],"about":[{"href":"https:\/\/fcsjelche.umh.es\/ca\/wp-json\/wp\/v2\/types\/page"}],"author":[{"embeddable":true,"href":"https:\/\/fcsjelche.umh.es\/ca\/wp-json\/wp\/v2\/users\/309"}],"replies":[{"embeddable":true,"href":"https:\/\/fcsjelche.umh.es\/ca\/wp-json\/wp\/v2\/comments?post=284"}],"version-history":[{"count":0,"href":"https:\/\/fcsjelche.umh.es\/ca\/wp-json\/wp\/v2\/pages\/284\/revisions"}],"up":[{"embeddable":true,"href":"https:\/\/fcsjelche.umh.es\/ca\/wp-json\/wp\/v2\/pages\/47"}],"wp:attachment":[{"href":"https:\/\/fcsjelche.umh.es\/ca\/wp-json\/wp\/v2\/media?parent=284"}],"curies":[{"name":"wp","href":"https:\/\/api.w.org\/{rel}","templated":true}]}}