{"id":3,"date":"2011-10-19T10:28:35","date_gmt":"2011-10-19T10:28:35","guid":{"rendered":"http:\/\/fcsjelche.umh.es\/presentacion\/"},"modified":"2022-11-18T10:31:35","modified_gmt":"2022-11-18T09:31:35","slug":"presentacion","status":"publish","type":"page","link":"https:\/\/fcsjelche.umh.es\/ca\/presentacion\/","title":{"rendered":"Presentaci\u00f3"},"content":{"rendered":"<p><\/p>\n<div style=\"text-align: left\">\n<p><a href=\"https:\/\/fcsjelche.umh.es\/files\/2022\/07\/EQUIPO-DECANAL-21_22-scaled.jpg\"><img loading=\"lazy\" class=\"alignnone wp-image-2150\" src=\"https:\/\/fcsjelche.umh.es\/files\/2022\/07\/EQUIPO-DECANAL-21_22-300x200.jpg\" alt=\"\" width=\"1178\" height=\"785\" srcset=\"https:\/\/fcsjelche.umh.es\/files\/2022\/07\/EQUIPO-DECANAL-21_22-300x200.jpg 300w, https:\/\/fcsjelche.umh.es\/files\/2022\/07\/EQUIPO-DECANAL-21_22-1024x683.jpg 1024w, https:\/\/fcsjelche.umh.es\/files\/2022\/07\/EQUIPO-DECANAL-21_22-768x512.jpg 768w, https:\/\/fcsjelche.umh.es\/files\/2022\/07\/EQUIPO-DECANAL-21_22-1536x1024.jpg 1536w, https:\/\/fcsjelche.umh.es\/files\/2022\/07\/EQUIPO-DECANAL-21_22-2048x1365.jpg 2048w\" sizes=\"(max-width: 1178px) 100vw, 1178px\" \/><\/a><\/p>\n<p style=\"text-align: justify\">La <strong>Facultat de Ci\u00e8ncies Socials i Jur\u00eddiques d&#8217;Elx \u00e9s un centre amb gran projecci\u00f3 dins de la UMH<\/strong>, tant pel nombre d&#8217;alumnes que decideixen estudiar a les seues aules com per la seua variada oferta educativa. Amb m\u00e9s de 3.400 alumnes, la Facultat ofereix titulacions en <strong>Administraci\u00f3 i Direcci\u00f3 d&#8217;Empreses, Comunicaci\u00f3 Audiovisual, Dret, Estad\u00edstica Empresarial, Periodisme, Seguretat P\u00fablica i Privada i Relacions Laborals i Recursos Humans, a m\u00e9s de dos dobles graus en Comunicaci\u00f3 Audiovisual i Periodisme i en Dret i Administraci\u00f3 i Direcci\u00f3 d&#8217;Empreses<\/strong>. Aix\u00ed mateix, la Facultat ofereix nombrosos <strong>m\u00e0sters oficials plenament adaptats a les exig\u00e8ncies de l&#8217;Espai Europeu d&#8217;Educaci\u00f3 Superior<\/strong>, amb l&#8217;objectiu de completar la formaci\u00f3 i el perfeccionament professional dels titulats, assegurant-los aix\u00ed un futur professional m\u00e9s s\u00f2lid.<\/p>\n<p style=\"text-align: justify\">La Facultat de Ci\u00e8ncies Socials i Jur\u00eddiques d&#8217;Elx est\u00e0 ubicada en un oasi de palmeres, on es combinen la cultura i la tradici\u00f3 amb unes modernes instal\u00b7lacions i un sistema de comunicacions que facilita una bona accessibilitat. El professorat oferix una formaci\u00f3 te\u00f2rica i experimental que permet als estudiants adquirir habilitats pr\u00e0ctiques i anal\u00edtiques que faciliten la seua inserci\u00f3 en el mercat laboral.<\/p>\n<p style=\"text-align: justify\">M\u00e9s enll\u00e0 de les aules, la Facultat fomenta activament les activitats que complementen la formaci\u00f3 acad\u00e8mica, com demostren les m\u00e9s de 1.000 pr\u00e0ctiques en empreses i institucions que realitzen els alumnes durant el curs acad\u00e8mic. A m\u00e9s, en col\u00b7laboraci\u00f3 amb la delegaci\u00f3 d&#8217;alumnes, s&#8217;organitzen activitats com a visites a empreses i institucions relacionades amb les titulacions impartides, Jornades d&#8217;Ocupaci\u00f3 (en col\u00b7laboraci\u00f3 amb l&#8217;Observatori Ocupacional) , Jornades d&#8217;Internacionalitzaci\u00f3 (junt amb el Vicerectorat de Relacions Internacionals) , i un gran nombre d&#8217;activitats espec\u00edfiques per a cada titulaci\u00f3 que garantixen la permanent adaptaci\u00f3 de les compet\u00e8ncies dels alumnes a les creixents necessitats de la societat actual.<\/p>\n<\/div>\n<h3><a href=\"https:\/\/fcsjelche.umh.es\/ca\/presentacion\/estructura-y-organizacion\/\"><strong><span style=\"text-decoration: underline\">Directori<\/span><\/strong><\/a><\/h3>\n<h3><a href=\"https:\/\/fcsjelche.umh.es\/ca\/presentacion\/localizacion\/\">Localitzaci\u00f3<\/a><\/h3>\n<h3><a href=\"https:\/\/fcsjelche.umh.es\/ca\/presentacion\/buzon-de-sugerencias-2\/\"><strong><span style=\"text-decoration: underline\">B\u00fastia de suggeriments<\/span><\/strong><\/a><\/h3>\n<p><\/p>","protected":false},"excerpt":{"rendered":"<p>La Facultat de Ci\u00e8ncies Socials i Jur\u00eddiques d&#8217;Elx \u00e9s un centre amb gran projecci\u00f3 dins de la UMH, tant pel nombre d&#8217;alumnes que decideixen estudiar a les seues aules com per la seua variada oferta educativa. Amb m\u00e9s de 3.400 alumnes, la Facultat ofereix titulacions en Administraci\u00f3 i Direcci\u00f3 d&#8217;Empreses, Comunicaci\u00f3 Audiovisual, Dret, Estad\u00edstica Empresarial, [&#8230;]<\/p>\n","protected":false},"author":1,"featured_media":0,"parent":0,"menu_order":0,"comment_status":"closed","ping_status":"open","template":"","meta":{"_links_to":"","_links_to_target":""},"_links":{"self":[{"href":"https:\/\/fcsjelche.umh.es\/ca\/wp-json\/wp\/v2\/pages\/3"}],"collection":[{"href":"https:\/\/fcsjelche.umh.es\/ca\/wp-json\/wp\/v2\/pages"}],"about":[{"href":"https:\/\/fcsjelche.umh.es\/ca\/wp-json\/wp\/v2\/types\/page"}],"author":[{"embeddable":true,"href":"https:\/\/fcsjelche.umh.es\/ca\/wp-json\/wp\/v2\/users\/1"}],"replies":[{"embeddable":true,"href":"https:\/\/fcsjelche.umh.es\/ca\/wp-json\/wp\/v2\/comments?post=3"}],"version-history":[{"count":0,"href":"https:\/\/fcsjelche.umh.es\/ca\/wp-json\/wp\/v2\/pages\/3\/revisions"}],"wp:attachment":[{"href":"https:\/\/fcsjelche.umh.es\/ca\/wp-json\/wp\/v2\/media?parent=3"}],"curies":[{"name":"wp","href":"https:\/\/api.w.org\/{rel}","templated":true}]}}