{"id":416,"date":"2018-09-18T12:49:51","date_gmt":"2018-09-18T10:49:51","guid":{"rendered":"http:\/\/fcsjelche.umh.es\/?page_id=416"},"modified":"2021-07-27T15:12:09","modified_gmt":"2021-07-27T13:12:09","slug":"planes-de-estudios","status":"publish","type":"page","link":"https:\/\/fcsjelche.umh.es\/ca\/titulaciones\/planes-de-estudios\/","title":{"rendered":"Plans d&#8217;estudis"},"content":{"rendered":"<p>En este enlla\u00e7 pots consultar la publicaci\u00f3 en el BOE dels Plans d&#8217;Estudi de les titulacions que oferta la Facultat de Ci\u00e8ncies Socials i Jur\u00eddiques d&#8217;Elx i les de la resta de la UMH:<\/p>\n<h3><a href=\"https:\/\/estudios.umh.es\/ca\/presentacion\/normativas\/planes-de-estudio\/\" target=\"_blank\" rel=\"noopener noreferrer\">Plans d&#8217;Estudi UMH publicats en el BOE (obri en pestanya nova)<\/a><\/h3>\n<p><\/p>","protected":false},"excerpt":{"rendered":"<p>En este enlla\u00e7 pots consultar la publicaci\u00f3 en el BOE dels Plans d&#8217;Estudi de les titulacions que oferta la Facultat de Ci\u00e8ncies Socials i Jur\u00eddiques d&#8217;Elx i les de la resta de la UMH:<br \/>\nPlans d&#8217;Estudi UMH publicats en el BOE (obri en pestanya nova)<\/p>\n","protected":false},"author":309,"featured_media":0,"parent":24,"menu_order":150,"comment_status":"closed","ping_status":"closed","template":"","meta":{"_links_to":"","_links_to_target":""},"_links":{"self":[{"href":"https:\/\/fcsjelche.umh.es\/ca\/wp-json\/wp\/v2\/pages\/416"}],"collection":[{"href":"https:\/\/fcsjelche.umh.es\/ca\/wp-json\/wp\/v2\/pages"}],"about":[{"href":"https:\/\/fcsjelche.umh.es\/ca\/wp-json\/wp\/v2\/types\/page"}],"author":[{"embeddable":true,"href":"https:\/\/fcsjelche.umh.es\/ca\/wp-json\/wp\/v2\/users\/309"}],"replies":[{"embeddable":true,"href":"https:\/\/fcsjelche.umh.es\/ca\/wp-json\/wp\/v2\/comments?post=416"}],"version-history":[{"count":0,"href":"https:\/\/fcsjelche.umh.es\/ca\/wp-json\/wp\/v2\/pages\/416\/revisions"}],"up":[{"embeddable":true,"href":"https:\/\/fcsjelche.umh.es\/ca\/wp-json\/wp\/v2\/pages\/24"}],"wp:attachment":[{"href":"https:\/\/fcsjelche.umh.es\/ca\/wp-json\/wp\/v2\/media?parent=416"}],"curies":[{"name":"wp","href":"https:\/\/api.w.org\/{rel}","templated":true}]}}