{"id":53,"date":"2014-04-02T04:41:08","date_gmt":"2014-04-02T02:41:08","guid":{"rendered":"http:\/\/fcsjelche.umh.es\/?page_id=53"},"modified":"2021-07-27T15:11:45","modified_gmt":"2021-07-27T13:11:45","slug":"estudios-propios","status":"publish","type":"page","link":"https:\/\/fcsjelche.umh.es\/ca\/titulaciones\/estudios-propios\/","title":{"rendered":"Estudis Propis"},"content":{"rendered":"<p>En el seg\u00fcent enlla\u00e7 podran trobar el llistat d&#8217;estudis propis de la Facultat de Ci\u00e8ncies Socials i Jur\u00eddiques d&#8217;Elx:<\/p>\n<h3><a href=\"https:\/\/www.umh.es\/contenido\/Estudios\/:Titulaciones_Propias\/datos_val.html?exhibit&amp;filter=%3Aram_D%7Crama\" target=\"_blank\" rel=\"noopener noreferrer\">Estudis Propis de Ci\u00e8ncies Socials i Jur\u00eddiques d&#8217;Elx<\/a><\/h3>\n<p><\/p>","protected":false},"excerpt":{"rendered":"<p>En el seg\u00fcent enlla\u00e7 podran trobar el llistat d&#8217;estudis propis de la Facultat de Ci\u00e8ncies Socials i Jur\u00eddiques d&#8217;Elx:<br \/>\nEstudis Propis de Ci\u00e8ncies Socials i Jur\u00eddiques d&#8217;Elx<\/p>\n","protected":false},"author":2674,"featured_media":0,"parent":24,"menu_order":140,"comment_status":"closed","ping_status":"closed","template":"","meta":{"_links_to":"","_links_to_target":""},"_links":{"self":[{"href":"https:\/\/fcsjelche.umh.es\/ca\/wp-json\/wp\/v2\/pages\/53"}],"collection":[{"href":"https:\/\/fcsjelche.umh.es\/ca\/wp-json\/wp\/v2\/pages"}],"about":[{"href":"https:\/\/fcsjelche.umh.es\/ca\/wp-json\/wp\/v2\/types\/page"}],"author":[{"embeddable":true,"href":"https:\/\/fcsjelche.umh.es\/ca\/wp-json\/wp\/v2\/users\/2674"}],"replies":[{"embeddable":true,"href":"https:\/\/fcsjelche.umh.es\/ca\/wp-json\/wp\/v2\/comments?post=53"}],"version-history":[{"count":0,"href":"https:\/\/fcsjelche.umh.es\/ca\/wp-json\/wp\/v2\/pages\/53\/revisions"}],"up":[{"embeddable":true,"href":"https:\/\/fcsjelche.umh.es\/ca\/wp-json\/wp\/v2\/pages\/24"}],"wp:attachment":[{"href":"https:\/\/fcsjelche.umh.es\/ca\/wp-json\/wp\/v2\/media?parent=53"}],"curies":[{"name":"wp","href":"https:\/\/api.w.org\/{rel}","templated":true}]}}