{"id":620,"date":"2019-04-15T12:46:01","date_gmt":"2019-04-15T10:46:01","guid":{"rendered":"https:\/\/fcsjelche.umh.es\/?page_id=620"},"modified":"2024-01-15T18:33:06","modified_gmt":"2024-01-15T17:33:06","slug":"masteres","status":"publish","type":"page","link":"https:\/\/fcsjelche.umh.es\/ca\/titulaciones\/masteres\/","title":{"rendered":"M\u00e0steres Oficials"},"content":{"rendered":"<p>Tots els enlla\u00e7os obrin en pestanya nova:<\/p>\n<h3><strong><a href=\"https:\/\/umh.es\/contenido\/Estudios\/:tit_m_153\/datos_val.html\" target=\"_blank\" rel=\"noopener noreferrer\">M\u00e0ster Universitari en Advocacia<\/a><\/strong><\/h3>\n<ul>\n<li><a href=\"http:\/\/masterabogacia-umh-icae.edu.umh.es\/blog\/\" target=\"_blank\" rel=\"noopener noreferrer\">Blog del M\u00e0ster Advocacia<\/a><\/li>\n<li><a href=\"https:\/\/comunicacion.umh.es\/files\/2019\/03\/Master_Abogacia_WEB.pdf\" target=\"_blank\" rel=\"noopener noreferrer\">D\u00edptic Informativo Advocacia<\/a><\/li>\n<\/ul>\n<h3><strong><a href=\"https:\/\/umh.es\/contenido\/Estudios\/:tit_m_198\/datos_val.html\" target=\"_blank\" rel=\"noopener noreferrer\">M\u00e0ster Universitari en Administraci\u00f3 i Direcci\u00f3 d&#8217;Empreses. MBA<\/a><\/strong><\/h3>\n<ul>\n<li><a href=\"https:\/\/mba.umh.es\/\" target=\"_blank\" rel=\"noopener noreferrer\">Blog del M\u00e0ster MBA<\/a><\/li>\n<li><a href=\"https:\/\/comunicacion.umh.es\/files\/2019\/03\/Master_Administracion_Direccion_Empresa.pdf\" target=\"_blank\" rel=\"noopener noreferrer\">D\u00edptic Informativo MBA<\/a><\/li>\n<\/ul>\n<h3><strong><a href=\"https:\/\/umh.es\/contenido\/Estudios\/:tit_m_199\/datos_val.html\" target=\"_blank\" rel=\"noopener noreferrer\">M\u00e0ster Universitari en An\u00e0lisi i Prevenci\u00f3 del Crim<\/a><\/strong><\/h3>\n<ul>\n<li><a href=\"http:\/\/crimina.es\/blog\/\" target=\"_blank\" rel=\"noopener noreferrer\">Blog del M\u00e0ster MUAPC<\/a><\/li>\n<li><a href=\"https:\/\/comunicacion.umh.es\/files\/2019\/03\/Master_Analisis_Prevencion_Crimen.pdf\" target=\"_blank\" rel=\"noopener noreferrer\">D\u00edptic Informativo MUAPC<\/a><\/li>\n<\/ul>\n<h3><strong><a href=\"https:\/\/umh.es\/contenido\/Universidad\/:tit_m_233\/datos_val.html\" target=\"_blank\" rel=\"noopener noreferrer\">M\u00e0ster Universitari en Antropologia Social Pr\u00e0ctica<\/a><\/strong><\/h3>\n<ul>\n<li><a href=\"http:\/\/masterantropologiapractica.edu.umh.es\/blog\/\" target=\"_blank\" rel=\"noopener noreferrer\">Blog del M\u00e0ster MUASP<\/a><\/li>\n<li><a href=\"https:\/\/comunicacion.umh.es\/files\/2019\/03\/Master_Antropologia.pdf\" target=\"_blank\" rel=\"noopener noreferrer\">D\u00edptic Informativo <\/a><a href=\"http:\/\/masterantropologiapractica.edu.umh.es\/blog\/\" target=\"_blank\" rel=\"noopener noreferrer\">MUASP<\/a><\/li>\n<\/ul>\n<h3><strong><a href=\"https:\/\/umh.es\/contenido\/Estudios\/:tit_m_103\/datos_val.html\" target=\"_blank\" rel=\"noopener noreferrer\">M\u00e0ster Universitari en Assessoria Fiscal<\/a><\/strong><\/h3>\n<ul>\n<li><a href=\"http:\/\/maf.edu.umh.es\/\" target=\"_blank\" rel=\"noopener noreferrer\">Blog del M\u00e0ster MUAF<\/a><\/li>\n<li><a href=\"https:\/\/comunicacion.umh.es\/files\/2019\/03\/Master_Asesoria_Fiscal_1.3.pdf\" target=\"_blank\" rel=\"noopener noreferrer\">D\u00edptic Informativo MUAF<\/a><\/li>\n<\/ul>\n<h3><a href=\"https:\/\/umh.es\/contenido\/Universidad\/:tit_m_266\/datos_val.html\" target=\"_blank\" rel=\"noopener noreferrer\"><b>M\u00e0ster Universitari en Auditoria de Comptes<\/b><\/a><\/h3>\n<ul>\n<li><a href=\"http:\/\/masterauditoria.edu.umh.es\/\" target=\"_blank\" rel=\"noopener noreferrer\">Blog del M\u00e0ster MUAC<\/a><\/li>\n<li><a href=\"https:\/\/comunicacion.umh.es\/files\/2019\/04\/Master_Auditoria-de-Cuentas_WEB.pdf\" target=\"_blank\" rel=\"noopener noreferrer\">D\u00edptic Informativo MUAC<\/a><\/li>\n<\/ul>\n<h3><a href=\"https:\/\/umh.es\/contenido\/Universidad\/:tit_m_234\/datos_val.html\" target=\"_blank\" rel=\"noopener noreferrer\"><b>M\u00e0ster Universitari en Comptabilitat i Finances Avan\u00e7ades<\/b><\/a><\/h3>\n<ul>\n<li><a href=\"http:\/\/mastercyf.edu.umh.es\/\" target=\"_blank\" rel=\"noopener noreferrer\">Blog del M\u00e0ster MUCFA<\/a><\/li>\n<li><a href=\"https:\/\/comunicacion.umh.es\/files\/2019\/03\/Master_Contabilidad_Finanzas.pdf\" target=\"_blank\" rel=\"noopener noreferrer\">D\u00edptic Informativo MUCFA<\/a><\/li>\n<\/ul>\n<h3><strong><a href=\"https:\/\/umh.es\/contenido\/Universidad\/:tit_m_224\/datos_val.html\" target=\"_blank\" rel=\"noopener noreferrer\">M\u00e0ster Universitari en Igualtat i G\u00e8nere en l&#8217;\u00c0mbit P\u00fablic i Privat<\/a><\/strong><\/h3>\n<ul>\n<li><a href=\"http:\/\/aulaisonomia.uji.es\/course\/index.php?categoryid=22\" target=\"_blank\" rel=\"noopener noreferrer\">Blog del M\u00e0ster Igualtat i G\u00e8nere<\/a><\/li>\n<li><a href=\"https:\/\/comunicacion.umh.es\/files\/2019\/03\/Master_Igualdad_Genero_2.pdf\" target=\"_blank\" rel=\"noopener noreferrer\">D\u00edptic Informativo Igualtat i G\u00e8nere<\/a><\/li>\n<\/ul>\n<h3><strong><a href=\"https:\/\/umh.es\/contenido\/Estudios\/:tit_m_182\/datos_val.html\" target=\"_blank\" rel=\"noopener noreferrer\">M\u00e0ster Universitari en Innovaci\u00f3 en Periodisme<\/a><\/strong><\/h3>\n<ul>\n<li><a href=\"http:\/\/mip.umh.es\/\" target=\"_blank\" rel=\"noopener noreferrer\">Blog del M\u00e0ster Periodisme<\/a><\/li>\n<li><a href=\"https:\/\/comunicacion.umh.es\/files\/2019\/03\/Master_Periodismo.pdf\" target=\"_blank\" rel=\"noopener noreferrer\">D\u00edptic Informativo Periodisme<\/a><\/li>\n<\/ul>\n<h3><strong><a href=\"https:\/\/www.umh.es\/contenido\/pdi\/:tit_m_252\/datos_val.html\" target=\"_blank\" rel=\"noopener noreferrer\">M\u00e0ster Universitari en Intervenci\u00f3 Criminol\u00f2gica y Victimol\u00f2gica<\/a><\/strong><\/h3>\n<ul>\n<li><a href=\"http:\/\/crimina.es\/blog\/\" target=\"_blank\" rel=\"noopener noreferrer\">Blog del M\u00e0ster MUAICV<\/a><\/li>\n<li><a href=\"https:\/\/comunicacion.umh.es\/files\/2019\/03\/Master_Intervencion_Criminologica_Victimologica.pdf\" target=\"_blank\" rel=\"noopener noreferrer\">D\u00edptic Informativo MUAICV<\/a><\/li>\n<\/ul>\n<p><\/p>","protected":false},"excerpt":{"rendered":"<p>Tots els enlla\u00e7os obrin en pestanya nova:<br \/>\nM\u00e0ster Universitari en Advocacia<\/p>\n<p>Blog del M\u00e0ster Advocacia<br \/>\nD\u00edptic Informativo Advocacia<\/p>\n<p>M\u00e0ster Universitari en Administraci\u00f3 i Direcci\u00f3 d&#8217;Empreses. MBA<\/p>\n<p>Blog del M\u00e0ster MBA<br \/>\nD\u00edptic Informativo MBA<\/p>\n<p>M\u00e0ster Universitari en An\u00e0lisi i Prevenci\u00f3 del Crim<\/p>\n<p>Blog del M\u00e0ster MUAPC<br \/>\nD\u00edptic Informativo MUAPC<\/p>\n<p>M\u00e0ster Universitari en Antropologia Social Pr\u00e0ctica<\/p>\n<p>Blog del M\u00e0ster MUASP<br \/>\nD\u00edptic Informativo MUASP<\/p>\n<p>M\u00e0ster Universitari en Assessoria Fiscal<\/p>\n<p>Blog del M\u00e0ster [&#8230;]<\/p>\n","protected":false},"author":309,"featured_media":0,"parent":24,"menu_order":120,"comment_status":"closed","ping_status":"closed","template":"","meta":{"_links_to":"","_links_to_target":""},"_links":{"self":[{"href":"https:\/\/fcsjelche.umh.es\/ca\/wp-json\/wp\/v2\/pages\/620"}],"collection":[{"href":"https:\/\/fcsjelche.umh.es\/ca\/wp-json\/wp\/v2\/pages"}],"about":[{"href":"https:\/\/fcsjelche.umh.es\/ca\/wp-json\/wp\/v2\/types\/page"}],"author":[{"embeddable":true,"href":"https:\/\/fcsjelche.umh.es\/ca\/wp-json\/wp\/v2\/users\/309"}],"replies":[{"embeddable":true,"href":"https:\/\/fcsjelche.umh.es\/ca\/wp-json\/wp\/v2\/comments?post=620"}],"version-history":[{"count":0,"href":"https:\/\/fcsjelche.umh.es\/ca\/wp-json\/wp\/v2\/pages\/620\/revisions"}],"up":[{"embeddable":true,"href":"https:\/\/fcsjelche.umh.es\/ca\/wp-json\/wp\/v2\/pages\/24"}],"wp:attachment":[{"href":"https:\/\/fcsjelche.umh.es\/ca\/wp-json\/wp\/v2\/media?parent=620"}],"curies":[{"name":"wp","href":"https:\/\/api.w.org\/{rel}","templated":true}]}}