{"id":7,"date":"2011-10-19T10:38:37","date_gmt":"2011-10-19T08:38:37","guid":{"rendered":"http:\/\/fcsjelche.umh.es\/presentacion\/localizacion\/"},"modified":"2023-11-15T14:46:00","modified_gmt":"2023-11-15T13:46:00","slug":"localizacion","status":"publish","type":"page","link":"https:\/\/fcsjelche.umh.es\/ca\/presentacion\/localizacion\/","title":{"rendered":"Localitzaci\u00f3"},"content":{"rendered":"<p>[<a href=\"https:\/\/universite.umh.es\/localizaciones\/default.htm?&amp;selT=estancias&amp;selI=E05P0003\">Veure pantalla completa<\/a>]<br><br><iframe src=\"https:\/\/universite.umh.es\/localizaciones\/default.htm?face=nok&amp;selT=estancias&amp;selI=E05P0003\" frameborder=0 style=\"border: 0px solid #ffffff;\" width=\"600 px\" height=\"425 px\"><\/iframe>\n<\/p>\n<hr \/>\n<hr \/>\n<h3>Facultat de Ci\u00e8ncies Socials i Jur\u00eddiques d&#8217;Elx<\/h3>\n<p><strong>Deganat i servicis administratius: Edifici La G\u00e0l\u00b7lia<\/strong><br \/>\nAvinguda de la Universitat s\/n, 03202 Elx, Espanya<br \/>\nWeb: <a href=\"https:\/\/fcsjelche.umh.es\/\" target=\"_blank\" rel=\"noopener noreferrer\"><strong>https:\/\/fcsjelche.umh.es\/<\/strong><\/a><\/p>\n<p>La Universitat Miguel Hern\u00e1ndez d&#8217;Elx (UMH) compta amb quatre campus ubicats, dins d&#8217;un r\u00e0dio de 50 km al voltant de la ciutat d&#8217;Alacant, en la prov\u00edncia del mateix nom:<\/p>\n<ul>\n<li>Elx (campus central)<\/li>\n<li>Oriola<\/li>\n<li>Sant Joan d&#8217;Alacant<\/li>\n<li>Altea<\/li>\n<\/ul>\n<hr \/>\n<h4><em>Acc\u00e9s per avi\u00f3<\/em><\/h4>\n<p style=\"text-align: justify\"><a href=\"https:\/\/www.aena.es\/va\/alacant-elx.html\" target=\"_blank\" rel=\"noopener noreferrer\">L&#8217;Aeroport Internacional d&#8217;Alicante-Elche (codi d&#8217;aeroport ALC)<\/a> , tamb\u00e9 cridat d&#8217;El Altet, oferix vols directes des de i cap a moltes ciutats europees. Es troba a 10 km d&#8217;Elx i Alacant, a 80 km d&#8217;Altea i 30 km d&#8217;Orihuela. Es pot arribar f\u00e0cilment utilitzant l&#8217;autopista A-7, aix\u00ed com per les carreteres nacionals N-332 i N-340. L&#8217;aeroport tamb\u00e9 est\u00e0 unit a les ciutats d&#8217;Elx i Alacant per autob\u00fas. Per a arribar des d&#8217;Elx, utilitze les l\u00ednies 1A o 1B, i des d&#8217;Alacant la l\u00ednia C6. <a href=\"https:\/\/movilidad.vectalia.es\/ca\/\" target=\"_blank\" rel=\"noopener noreferrer\">Vectalia<\/a> \u00e9s l&#8217;empresa que gestiona estas\u00a0<a href=\"https:\/\/movilidad.vectalia.es\/lineas-regulares\/elche-parque-empresarial-torrellano-aeropuerto-el-altet-arenales-del-sol\/\" target=\"_blank\" rel=\"noopener noreferrer\">rutas<\/a>.<\/p>\n<h4><em>Acc\u00e9s per ferrocarril\u00a0<\/em><\/h4>\n<p style=\"text-align: justify\">Les ciutats d&#8217;Elx, Orihuela i Alacant estan connectats por <a href=\"https:\/\/www.renfe.com\/es\/va\/cercanias\/cercanias-murcia-alacant\" target=\"_blank\" rel=\"noopener noreferrer\">ferrocarril<\/a> (M\u00farcia- Alacant). L&#8217;estaci\u00f3 de tren d&#8217;Elche-Parque es troba situada tan sols a nom\u00e9s 5 minuts a peu del campus d&#8217;Elx de la UMH. L&#8217;estaci\u00f3 de tren d&#8217;Alacant es troba a 15 minuts caminant de la parada d&#8217;autob\u00fas de l&#8217;aeroport en la Pla\u00e7a dels Estels, des d&#8217;on es pot continuar amb autob\u00fas fins a l&#8217;aeroport d&#8217;Alicante-Elche (l\u00ednia Alicante-Aeropuerto de l\u00ednia). Despla\u00e7ar-se entre Alacant i Altea tamb\u00e9 \u00e9s possible en el tramvia. El<a href=\"https:\/\/www.tramalacant.es\/page.php?idioma=_vl\" target=\"_blank\" rel=\"noopener noreferrer\"> tramvia<\/a> t\u00e9 una estaci\u00f3 en la Pla\u00e7a dels Estels, on l&#8217;autob\u00fas que connecta Alacant amb l&#8217;aeroport tamb\u00e9 t\u00e9 una parada.<\/p>\n<h4><em>Acc\u00e9s per carretera<\/em><\/h4>\n<p>El campus d&#8217;Elx de la Universitat Miguel Hern\u00e1ndez es troba a 3km de l&#8217;acc\u00e9s a l&#8217;A7-Autov\u00eda del Mediterrani, i l&#8217;A31, que la connecta amb Madrid. Les coordenades GPS del campus d&#8217;Elx (aparcament enfront de l&#8217;edifici La G\u00e0l\u00b7lia) s\u00f3n: 38.274948, -0.692454<\/p>\n<div align=\"center\"><img title=\"Mapa de ubicaci\u00f3n de la UMH\" src=\"http:\/\/umh.es\/img\/corporativo\/mapa-visitar-umh.jpg\" alt=\"Mapa de ubicaci\u00f3n de la UMH\" \/><\/div>\n<p><\/p>","protected":false},"excerpt":{"rendered":"<p>[Veure pantalla completa]<\/p>\n<p>Facultat de Ci\u00e8ncies Socials i Jur\u00eddiques d&#8217;Elx<br \/>\nDeganat i servicis administratius: Edifici La G\u00e0l\u00b7lia<br \/>\nAvinguda de la Universitat s\/n, 03202 Elx, Espanya<br \/>\nWeb: https:\/\/fcsjelche.umh.es\/<br \/>\nLa Universitat Miguel Hern\u00e1ndez d&#8217;Elx (UMH) compta amb quatre campus ubicats, dins d&#8217;un r\u00e0dio de 50 km al voltant de la ciutat d&#8217;Alacant, en la prov\u00edncia del mateix nom:<\/p>\n<p>Elx (campus central)<br \/>\nOriola<br \/>\nSant Joan d&#8217;Alacant<br \/>\nAltea<\/p>\n<p>Acc\u00e9s [&#8230;]<\/p>\n","protected":false},"author":1,"featured_media":0,"parent":3,"menu_order":3,"comment_status":"closed","ping_status":"closed","template":"","meta":{"_links_to":"","_links_to_target":""},"_links":{"self":[{"href":"https:\/\/fcsjelche.umh.es\/ca\/wp-json\/wp\/v2\/pages\/7"}],"collection":[{"href":"https:\/\/fcsjelche.umh.es\/ca\/wp-json\/wp\/v2\/pages"}],"about":[{"href":"https:\/\/fcsjelche.umh.es\/ca\/wp-json\/wp\/v2\/types\/page"}],"author":[{"embeddable":true,"href":"https:\/\/fcsjelche.umh.es\/ca\/wp-json\/wp\/v2\/users\/1"}],"replies":[{"embeddable":true,"href":"https:\/\/fcsjelche.umh.es\/ca\/wp-json\/wp\/v2\/comments?post=7"}],"version-history":[{"count":0,"href":"https:\/\/fcsjelche.umh.es\/ca\/wp-json\/wp\/v2\/pages\/7\/revisions"}],"up":[{"embeddable":true,"href":"https:\/\/fcsjelche.umh.es\/ca\/wp-json\/wp\/v2\/pages\/3"}],"wp:attachment":[{"href":"https:\/\/fcsjelche.umh.es\/ca\/wp-json\/wp\/v2\/media?parent=7"}],"curies":[{"name":"wp","href":"https:\/\/api.w.org\/{rel}","templated":true}]}}