{"id":80,"date":"2014-04-14T03:03:02","date_gmt":"2014-04-14T01:03:02","guid":{"rendered":"http:\/\/fcsjelche.umh.es\/?page_id=80"},"modified":"2023-11-21T20:50:06","modified_gmt":"2023-11-21T19:50:06","slug":"preguntas-frecuentes","status":"publish","type":"page","link":"https:\/\/fcsjelche.umh.es\/ca\/preguntas-frecuentes\/","title":{"rendered":"Preguntes freq\u00fcents"},"content":{"rendered":"<p><\/p>\n<h3><span style=\"color: #000000\"><strong>Destacat<\/strong><\/span><\/h3>\n<ol>\n<li class=\"page_item page-item-531\"><a href=\"https:\/\/cegeca.umh.es\/cgc-elche\/estudiantes\/calendario-academico\/\">Calendari Acad\u00e8mic<\/a><\/li>\n<li><a href=\"https:\/\/www.umh.es\/contenido\/PDI\/:calendario\/datos_es.html\">Com descarregar-se o imprimir el calendari acad\u00e8mic?<\/a><\/li>\n<li class=\"page_item page-item-531\"><a href=\"https:\/\/estudios.umh.es\/acceso\/grados\/pruebas-de-acceso\/pruebas-de-acceso-desde-bachillerato-y-cfgs\/\">Com accedisc a la UMH des del batxillerat o des de Cicles Formatius de Grau Superior?<\/a><\/li>\n<li class=\"page_item page-item-531\"><a href=\"http:\/\/ewlumh.umh.es\/pls\/obsweb\/p_acceso.login?pmenu=P\">Oferta de pr\u00e0ctiques per a estudiants de la UMH<\/a><\/li>\n<li class=\"page_item page-item-531\"><a href=\"https:\/\/fcsjelche.umh.es\/trabajo-de-fin-de-grado\/guia-ayuda-para-utilizar-la-aplicacion-tfg\/\">Guia orientativa Treball Fi de Grau<\/a><\/li>\n<li><a href=\"https:\/\/internacional.umh.es\/incoming\/welcome-office\/\">Enlla\u00e7 a la Welcome Office de l&#8217;Oficina de Relacions Internacionals<\/a><\/li>\n<li class=\"page_item page-item-531\"><span style=\"color: #000000\">Atenci\u00f3 a l&#8217;estudiant (dubtes durant el proc\u00e9s de matriculaci\u00f3): <strong>96 665 8787<\/strong> | <strong>96 665 8342<\/strong><\/span><\/li>\n<\/ol>\n<h4>Acc\u00e9s a la Universitat<\/h4>\n<ol>\n<li><a href=\"https:\/\/estudios.umh.es\/acceso\/grados\/preinscripcion-universitaria\/\">Dubtes sobre l&#8217;acc\u00e9s a Graus per preinscripci\u00f3<\/a><\/li>\n<li><a href=\"https:\/\/estudios.umh.es\/atencion-al-estudiante\/cursos-de-nivelacion\/\">Cursos d&#8217;anivellaci\u00f3<\/a><\/li>\n<li><a href=\"https:\/\/estudios.umh.es\/matriculacion\/matricula-de-masters\/\">Dubtes sobre acc\u00e9s a M\u00e0ster<\/a><\/li>\n<li><a href=\"https:\/\/estudios.umh.es\/acceso\/doctorado\/\">Dubtes sobre acc\u00e9s a Doctorat<\/a><\/li>\n<li><a href=\"https:\/\/estudios.umh.es\/acceso\/grados\/pruebas-de-acceso\/pruebas-de-acceso-desde-bachillerato-y-cfgs\/\"><span style=\"line-height: 13px\">Com accedisc a la UMH des del batxillerat o des de Cicles Formatius de Grau Superior?<\/span><\/a><\/li>\n<li><a href=\"https:\/\/estudios.umh.es\/acceso\/grados\/pruebas-de-acceso\/\">Com accedisc a la UMH si tinc m\u00e9s de 25, 40 o 45 anys?<\/a><\/li>\n<li><a href=\"https:\/\/estudios.umh.es\/acceso\/grados\/admision-con-estudios-universitarios-parciales\/\">Com acc\u00e9s a la UMH si venge d&#8217;una titulaci\u00f3 d&#8217;una altra universitat (admissi\u00f3 amb estudis parcials)<\/a><a href=\"https:\/\/estudios.umh.es\/acceso\/grados\/admision-con-estudios-universitarios-parciales\/\">?<\/a><\/li>\n<\/ol>\n<h4><span style=\"color: #000000\">Matr\u00edcula<\/span><\/h4>\n<ol>\n<li><a href=\"https:\/\/estudios.umh.es\/matriculacion\/gradomatricula\/\">Matr\u00edcula (posterior a la preinscripci\u00f3)<\/a><\/li>\n<li><a href=\"https:\/\/estudios.umh.es\/matriculacion\/modos-de-pago-de-la-matricula\/\">Modes de pagament de matr\u00edcula<\/a><\/li>\n<li><a href=\"https:\/\/estudios.umh.es\/matriculacion\/criterios-de-permanencia\/\">Criteris de perman\u00e8ncia i progr\u00e9s en grau i m\u00e0ster<\/a><\/li>\n<li><a href=\"https:\/\/estudios.umh.es\/matriculacion\/anulacion-de-matricula\/\">Anul\u00b7laci\u00f3 de matr\u00edcula<\/a><\/li>\n<li><a href=\"https:\/\/estudios.umh.es\/matriculacion\/tasas-academicas\/\">Taxes acad\u00e8miques<\/a><\/li>\n<li><a href=\"https:\/\/estudios.umh.es\/matriculacion\/matricula-parcial-en-grados-y-masteres\/\">Matr\u00edcula parcial<\/a><\/li>\n<li><a href=\"https:\/\/estudios.umh.es\/matriculacion\/seguro-escolar\/\">Asseguran\u00e7a escolar<\/a><\/li>\n<li><a href=\"https:\/\/estudios.umh.es\/matriculacion\/seguro-voluntario\/\">Segur voluntari<\/a><\/li>\n<\/ol>\n<h4><span style=\"color: #000000\">Beques<\/span><\/h4>\n<ol>\n<li><a href=\"https:\/\/estudios.umh.es\/becas\/plan-de-becas-umh\/\">Pla beques i ajudes UMH<\/a><\/li>\n<li><a href=\"https:\/\/estudios.umh.es\/becas\/\">Ministeri d&#8217;Educaci\u00f3 i Conselleria<\/a><\/li>\n<li><a href=\"https:\/\/estudios.umh.es\/becas\/colaboracion-umh\/\">Beques de col\u00b7laboraci\u00f3 UMH<\/a><\/li>\n<li><a href=\"https:\/\/estudios.umh.es\/becas\/otras-becas-umh\/\">Altres beques<\/a><\/li>\n<li><a href=\"https:\/\/internacional.umh.es\/movilidad\/estudiantes\/erasmus\/\">ERASMUS<\/a><\/li>\n<li><a href=\"https:\/\/internacional.umh.es\/movilidad\/estudiantes\/sicue\/\">SICUE<\/a><\/li>\n<li><a href=\"https:\/\/observatorio.umh.es\/tag\/programa-leonardo\/\">Programa Leonardo da Vinci<\/a><\/li>\n<li><a href=\"https:\/\/observatorio.umh.es\/tag\/becas-santander-practicas-profesionales\/\">Beca Santander CRUE-CEPYME<\/a><\/li>\n<\/ol>\n<h3><span style=\"color: #000000\"><strong>Ocupaci\u00f3 i pr\u00e0ctiques <\/strong><\/span><\/h3>\n<ol>\n<li><a href=\"https:\/\/observatorio.umh.es\/estudiantes-bolsa-de-practicas\/informacion-util\/informacion-sobre-practicas\/#1\">Requisits per a realitzar pr\u00e0ctiques<\/a><\/li>\n<li><a href=\"https:\/\/observatorio.umh.es\/estudiantes-bolsa-de-practicas\/informacion-util\/informacion-sobre-practicas\/#2\">Com puc inscriure&#8217;m en la bossa de pr\u00e0ctiques?<\/a><\/li>\n<li><a href=\"https:\/\/observatorio.umh.es\/estudiantes-bolsa-de-practicas\/informacion-util\/informacion-sobre-practicas\/#3\">Com puc buscar les meues pr\u00e0ctiques si no trobada ofertes a trav\u00e9s de la Bossa de Pr\u00e0ctiques de l&#8217;Observatori Ocupacional?<\/a><\/li>\n<li><a href=\"https:\/\/observatorio.umh.es\/estudiantes-bolsa-de-practicas\/informacion-util\/informacion-sobre-practicas\/#4\">Puc realitzar dos pr\u00e0ctiques al mateix temps?<\/a><\/li>\n<li><a href=\"https:\/\/observatorio.umh.es\/estudiantes-bolsa-de-practicas\/informacion-util\/informacion-sobre-practicas\/#5\">Quant duren les pr\u00e0ctiques?<\/a><\/li>\n<li><a href=\"https:\/\/observatorio.umh.es\/estudiantes-bolsa-de-practicas\/informacion-util\/informacion-sobre-practicas\/#7\">Cobertura que t\u00e9 el segur de pr\u00e1cticas<\/a><\/li>\n<li><a href=\"https:\/\/observatorio.umh.es\/estudiantes-bolsa-de-practicas\/informacion-util\/informacion-sobre-practicas\/#9\">Qu\u00e8 fer si no es complixen les condicions de les pr\u00e0ctiques?<\/a><\/li>\n<li><a href=\"https:\/\/observatorio.umh.es\/estudiantes-bolsa-de-practicas\/informacion-util\/informacion-sobre-practicas\/#10\">\u00c9s compatible la bossa d&#8217;ajuda a l&#8217;estudi amb la percepci\u00f3 del subsidi per desocupaci\u00f3?<\/a><\/li>\n<li><a href=\"https:\/\/observatorio.umh.es\/estudiantes-bolsa-de-practicas\/informacion-util\/informacion-sobre-practicas\/#11\">Com incorporar cr\u00e8dits a l&#8217;expedient per la realitzaci\u00f3 de pr\u00e0ctiques<\/a><\/li>\n<li><a href=\"https:\/\/observatorio.umh.es\/estudiantes-bolsa-de-practicas\/informacion-util\/informacion-sobre-practicas\/#12\">Tributaci\u00f3 de les pr\u00e0ctiques remunerades i alta en la Seguretat Social<\/a><\/li>\n<li><a href=\"https:\/\/observatorio.umh.es\/estudiantes-bolsa-de-practicas\/informacion-util\/informacion-sobre-practicas\/#13\">Quan puc accedir a la Borsa de Treball? Si s\u00f3c titulado\/a i estudiante, \u00bfpuedo accedir a les dos bosses? He acabat la carrera i he pagat el t\u00edtol. Puc fer pr\u00e0ctiques?<\/a><\/li>\n<li><a href=\"http:\/\/ewlumh.umh.es\/pls\/obsweb\/p_acceso.login?pmenu=P\">ferta de pr\u00e0ctiques per a estudiants de la UMH<\/a><\/li>\n<li><a href=\"https:\/\/observatorio.umh.es\/estudiantes-bolsa-de-practicas\/practicas\/formularios-formalizacion-de-practicas\/\">Formalitzar una pr\u00e0ctica<\/a><\/li>\n<li><a href=\"https:\/\/observatorio.umh.es\/estudiantes-bolsa-de-practicas\/practicas\/modificar-condiciones-practica-existente\/\">Modificar condicions pr\u00e0ctica actual (addenda)<\/a><\/li>\n<li><a href=\"https:\/\/observatorio.umh.es\/estudiantes-bolsa-de-practicas\/practicas\/seguro-de-practicas\/\">Informaci\u00f3 segur de pr\u00e0ctiques<\/a><\/li>\n<li><a href=\"https:\/\/observatorio.umh.es\/estudiantes-bolsa-de-practicas\/practicas\/empresas-colaboradoras\/\">Llistat d&#8217;empreses col\u00b7laboradores<\/a><\/li>\n<li><a href=\"https:\/\/observatorio.umh.es\/estudiantes-bolsa-de-practicas\/practicas\/instrucciones-solicitud-practicas-internas\/\"> Instruccions sol\u00b7licitud pr\u00e0ctiques internes remunerades<\/a><\/li>\n<li><a href=\"https:\/\/observatorio.umh.es\/estudiantes-bolsa-de-practicas\/practicas\/estancia-en-espana-de-ciudadanos-no-comunitarios-por-practicas-no-laborales\/\">Estada a Espanya de ciutadans no comunitaris per pr\u00e0ctiques no laborals<\/a><\/li>\n<li class=\"page_item page-item-454\"><a href=\"https:\/\/observatorio.umh.es\/estudiantes-bolsa-de-practicas\/programa-mentoring\/\">Programa Mentoring UMH<\/a><\/li>\n<li class=\"page_item page-item-445\"><a href=\"https:\/\/observatorio.umh.es\/empresas\/informacion\/normativa-aplicable\/\">Normativa aplicable<\/a><\/li>\n<li class=\"page_item page-item-2839\"><a href=\"https:\/\/observatorio.umh.es\/empresas\/informacion\/protocolo-incorporacion-de-estudiantes-en-practicas-de-otras-entidades-en-la-umh\/\">Protocol incorporaci\u00f3 d&#8217;estudiants en pr\u00e0ctiques d&#8217;altres entitats en la UMH<\/a><\/li>\n<li class=\"page_item page-item-492\"><a href=\"https:\/\/observatorio.umh.es\/cursos-y-jornadas\/jornadas-de-empleo\/\">Jornades d&#8217;Ocupaci\u00f3<\/a><\/li>\n<li class=\"page_item page-item-3197\"><a href=\"https:\/\/observatorio.umh.es\/empleoweekend\/\">EmpleoWeekend UMH<\/a><\/li>\n<\/ol>\n<h3><strong>T\u00edtols<\/strong><\/h3>\n<ol>\n<li><a href=\"https:\/\/estudios.umh.es\/2021\/06\/29\/cita-previa-para-la-recogida-de-titulos\/\">On puc sol\u00b7licitar el meu t\u00edtol?<\/a><\/li>\n<\/ol>\n<h3><strong><span style=\"color: #000000\">Estudis propis<\/span><\/strong><\/h3>\n<ol>\n<li><a href=\"https:\/\/estudios.umh.es\/matriculacion\/estudios-propios\/\">On puc consultar l&#8217;oferta formativa d&#8217;estudis propis?<\/a><\/li>\n<\/ol>\n<h3><strong>Cursos i jornades<\/strong><\/h3>\n<ol>\n<li class=\"page_item page-item-490\"><a href=\"https:\/\/observatorio.umh.es\/cursos-y-jornadas\/cursos-y-jornadas\/\">Cursos i jornades<\/a><\/li>\n<\/ol>\n<h3><strong>Cr\u00e8dits universitaris<\/strong><\/h3>\n<ol>\n<li><a href=\"https:\/\/estudios.umh.es\/reconocimiento-creditos\/\">Reconeixement de cr\u00e8dits per Compet\u00e8ncies Transversals i Professionals<\/a><\/li>\n<\/ol>\n<h3><strong><span style=\"color: #000000\">Gesti\u00f3 (CEGECA Elx)<\/span><\/strong><\/h3>\n<ol>\n<li class=\"page_item page-item-20\"><a href=\"https:\/\/cegeca.umh.es\/cgc-elche\/directorio\/\">Directori<\/a><\/li>\n<li class=\"page_item page-item-379\"><a href=\"https:\/\/cegeca.umh.es\/cgc-elche\/carta-de-servicios\/\">Carta de Servicis<\/a><\/li>\n<li class=\"page_item page-item-379\"><a href=\"https:\/\/cegeca.umh.es\/cgc-elche\/horario\/\">Horari<\/a><\/li>\n<li class=\"page_item page-item-379\"><a href=\"https:\/\/cegeca.umh.es\/cgc-elche\/ubicacion\/\">Ubicaci\u00f3<\/a><\/li>\n<li class=\"page_item page-item-379\"><a href=\"https:\/\/cegeca.umh.es\/cgc-elche\/estudiantes\/calendario-academico\/\">Calendari Acad\u00e8mic<\/a><\/li>\n<li class=\"page_item page-item-379\"><a href=\"https:\/\/cegeca.umh.es\/cgc-elche\/sige-cita-previa\/\">SIGE (Cita Pr\u00e8via)<\/a><\/li>\n<\/ol>\n<h3><span style=\"color: #000000\"><strong>GoUMH<\/strong><\/span><\/h3>\n<ol>\n<li><a href=\"http:\/\/portal.goumh.umh.es\/tutoriales\/top-faqs#TOC-Acceso-a-GoUmh:-las-Google-Apps-en-la-UMH\">Acc\u00e9s a GoUmh: les Google Apps en la UMH<\/a>\n<ol>\n<li><a href=\"http:\/\/portal.goumh.umh.es\/tutoriales\/top-faqs#TOC-Qu-debo-hacer-para-acceder-a-GoUmh-\">Qu\u00e8 he de fer per a accedir a GoUmh?<\/a><\/li>\n<li><a href=\"http:\/\/portal.goumh.umh.es\/tutoriales\/top-faqs#TOC-C-mo-cierro-mi-sesi-n-en-GoUmh-\">Com tanque la meua sessi\u00f3 en GoUmh?<\/a><\/li>\n<li><a href=\"http:\/\/portal.goumh.umh.es\/tutoriales\/top-faqs#TOC-Cu-les-son-las-condiciones-de-servicio-de-GoUmh-\">Quines s\u00f3n les condicions de servici de GoUmh?<\/a><\/li>\n<li><a href=\"http:\/\/portal.goumh.umh.es\/tutoriales\/top-faqs#TOC-Cu-nto-tardar-en-saber-utilizar-Google-Apps-\">Quant tardar\u00e9 a saber utilitzar Google Apps?<\/a><\/li>\n<li><a href=\"http:\/\/portal.goumh.umh.es\/tutoriales\/top-faqs#TOC-Puedo-abrir-el-correo-electr-nico-o-el-calendario-en-una-nueva-pesta-a-en-lugar-de-hacerlo-en-una-nueva-ventana-\">Puc obrir el correu electr\u00f2nic o el calendari en una nova pestanya en compte de fer-ho en una nova finestra?<\/a><\/li>\n<li><a href=\"http:\/\/portal.goumh.umh.es\/tutoriales\/top-faqs#TOC-Puedo-acceder-a-mi-correo-GoUmh-sin-conexi-n-\">Puc accedir al meu correu GoUmh sense connexi\u00f3?<\/a><\/li>\n<li><a href=\"http:\/\/portal.goumh.umh.es\/tutoriales\/top-faqs#TOC-Debo-utilizar-la-red-VPN-de-la-Universidad-para-acceder-a-GoUmh-cuando-estoy-fuera-de-la-red-\">He d&#8217;utilitzar la xarxa VPN de la Universitat per a accedir a GoUmh quan estic fora de la xarxa?<\/a><\/li>\n<li><a href=\"http:\/\/portal.goumh.umh.es\/tutoriales\/top-faqs#TOC-Puedo-acceder-a-mi-correo-GoUmh-desde-otro-programa-\">Puc accedir al meu correu GoUmh des d&#8217;un altre programa?<\/a><\/li>\n<\/ol>\n<\/li>\n<li><a href=\"http:\/\/portal.goumh.umh.es\/tutoriales\/top-faqs#TOC-Requisitos-e-idiomas-disponibles\">Requisits i idiomes disponibles<\/a>\n<ol>\n<li><a href=\"http:\/\/portal.goumh.umh.es\/tutoriales\/top-faqs#TOC-Qu-navegadores-web-puedo-utilizar-con-Google-Apps-\">Qu\u00e8 navegadors web puc utilitzar amb Google Apps?<\/a><\/li>\n<li><a href=\"http:\/\/portal.goumh.umh.es\/tutoriales\/top-faqs#TOC-Hay-otros-requisitos-de-sistema-\">Hi ha altres requisits de sistema?<\/a><\/li>\n<li><a href=\"http:\/\/portal.goumh.umh.es\/tutoriales\/top-faqs#TOC-En-qu-idiomas-se-ofrece-Google-Apps-\">En quins idiomes s&#8217;oferix Google Apps?<\/a><\/li>\n<li><a href=\"http:\/\/portal.goumh.umh.es\/tutoriales\/top-faqs#TOC-Contacto-con-el-soporte\">Contacte amb el suport<\/a><\/li>\n<li><a href=\"http:\/\/portal.goumh.umh.es\/tutoriales\/top-faqs#TOC-Comunidad\">Comunitat<\/a><\/li>\n<li><a href=\"http:\/\/portal.goumh.umh.es\/tutoriales\/top-faqs#TOC-Actualizaciones-de-Google-Apps\">Actualitzacions de Google Apps<\/a><\/li>\n<\/ol>\n<\/li>\n<\/ol>\n<h3><strong>Estudiants estrangers<\/strong><\/h3>\n<h4>\u00a0Cuestiones Generals d&#8217;inter\u00e9s<\/h4>\n<ol>\n<li><a href=\"https:\/\/internacional.umh.es\/incoming\/welcome-office\/\">Enlla\u00e7 a la Welcome Office de l&#8217;Oficina de Relacions Internacionalss<\/a><\/li>\n<\/ol>\n<h4>Homologaci\u00f3n i Equival\u00e8ncia d&#8217;estudis<\/h4>\n<ol>\n<li><a href=\"https:\/\/estudios.umh.es\/homologacion-expedicion-titulos\/homologacion\/\">Qu\u00e8 \u00e9s l&#8217;homologaci\u00f3?<\/a><\/li>\n<li><a href=\"https:\/\/estudios.umh.es\/homologacion-expedicion-titulos\/homologacion\/\">Com sol\u00b7licitar l&#8217;homologaci\u00f3?<\/a><\/li>\n<li><a href=\"https:\/\/estudios.umh.es\/homologacion-expedicion-titulos\/homologacion\/\">Com realitzar els requisits formatius complementaris per a obtindre l&#8217;homologaci\u00f3?<\/a><\/li>\n<li><a href=\"https:\/\/estudios.umh.es\/homologacion-expedicion-titulos\/homologacion\/\">Qu\u00e8 \u00e9s l&#8217;equival\u00e8ncia?<\/a><\/li>\n<li><a href=\"https:\/\/estudios.umh.es\/homologacion-expedicion-titulos\/homologacion\/\">Com sol\u00b7licitar l&#8217;equival\u00e8ncia?<\/a><\/li>\n<\/ol>\n<p><\/p>","protected":false},"excerpt":{"rendered":"<p>Destacat<\/p>\n<p>Calendari Acad\u00e8mic<br \/>\nCom descarregar-se o imprimir el calendari acad\u00e8mic?<br \/>\nCom accedisc a la UMH des del batxillerat o des de Cicles Formatius de Grau Superior?<br \/>\nOferta de pr\u00e0ctiques per a estudiants de la UMH<br \/>\nGuia orientativa Treball Fi de Grau<br \/>\nEnlla\u00e7 a la Welcome Office de l&#8217;Oficina de Relacions Internacionals<br \/>\nAtenci\u00f3 a l&#8217;estudiant (dubtes durant el proc\u00e9s de matriculaci\u00f3): 96 665 [&#8230;]<\/p>\n","protected":false},"author":2674,"featured_media":0,"parent":0,"menu_order":400,"comment_status":"closed","ping_status":"closed","template":"","meta":{"_links_to":"","_links_to_target":""},"_links":{"self":[{"href":"https:\/\/fcsjelche.umh.es\/ca\/wp-json\/wp\/v2\/pages\/80"}],"collection":[{"href":"https:\/\/fcsjelche.umh.es\/ca\/wp-json\/wp\/v2\/pages"}],"about":[{"href":"https:\/\/fcsjelche.umh.es\/ca\/wp-json\/wp\/v2\/types\/page"}],"author":[{"embeddable":true,"href":"https:\/\/fcsjelche.umh.es\/ca\/wp-json\/wp\/v2\/users\/2674"}],"replies":[{"embeddable":true,"href":"https:\/\/fcsjelche.umh.es\/ca\/wp-json\/wp\/v2\/comments?post=80"}],"version-history":[{"count":0,"href":"https:\/\/fcsjelche.umh.es\/ca\/wp-json\/wp\/v2\/pages\/80\/revisions"}],"wp:attachment":[{"href":"https:\/\/fcsjelche.umh.es\/ca\/wp-json\/wp\/v2\/media?parent=80"}],"curies":[{"name":"wp","href":"https:\/\/api.w.org\/{rel}","templated":true}]}}