{"id":28,"date":"2014-04-02T03:10:12","date_gmt":"2014-04-02T01:10:12","guid":{"rendered":"http:\/\/fcsjelche.umh.es\/?page_id=28"},"modified":"2025-09-11T17:32:25","modified_gmt":"2025-09-11T15:32:25","slug":"equipo-decanal","status":"publish","type":"page","link":"https:\/\/fcsjelche.umh.es\/en\/presentacion\/estructura-y-organizacion\/equipo-decanal\/","title":{"rendered":"Dean&#8217;s team"},"content":{"rendered":"<p><\/p>\n<h3><strong>Decana, Vicedecanos y Coordinadores de Facultad<\/strong><\/h3>\n<hr \/>\n<hr \/>\n<h4><span style=\"color: #000000\"><a href=\"https:\/\/fcsjelche.umh.es\/files\/2022\/07\/carmen_v_escolano.png\"><img loading=\"lazy\" class=\"wp-image-2099 alignleft\" src=\"https:\/\/fcsjelche.umh.es\/files\/2022\/07\/carmen_v_escolano.png\" alt=\"\" width=\"95\" height=\"95\" srcset=\"https:\/\/fcsjelche.umh.es\/files\/2022\/07\/carmen_v_escolano.png 300w, https:\/\/fcsjelche.umh.es\/files\/2022\/07\/carmen_v_escolano-150x150.png 150w\" sizes=\"(max-width: 95px) 100vw, 95px\" \/><\/a><\/span><\/h4>\n<h4>Dean of the Faculty of Social and Legal Sciences of Elche<\/h4>\n<p><a style=\"color: #000000;text-decoration: underline\" href=\"https:\/\/www.umh.es\/contenido\/Universidad\/:persona_4227\/datos_en.html\">Escolano Asensi, Carmen V.<\/a><\/p>\n<p>&nbsp;<\/p>\n<h4><span style=\"color: #000000\"><a href=\"https:\/\/fcsjelche.umh.es\/files\/2023\/02\/ignacio_mira.png\"><img loading=\"lazy\" class=\"wp-image-2470 alignleft\" src=\"https:\/\/fcsjelche.umh.es\/files\/2023\/02\/ignacio_mira.png\" alt=\"\" width=\"95\" height=\"95\" srcset=\"https:\/\/fcsjelche.umh.es\/files\/2023\/02\/ignacio_mira.png 300w, https:\/\/fcsjelche.umh.es\/files\/2023\/02\/ignacio_mira-150x150.png 150w\" sizes=\"(max-width: 95px) 100vw, 95px\" \/><\/a><\/span><\/h4>\n<h4><span style=\"color: #000000\">Secretario de la Facultad de Ciencias Sociales y Jur\u00eddicas de Elche<\/span><\/h4>\n<p><a style=\"color: #000000\" href=\"https:\/\/www.umh.es\/contenido\/Universidad\/:persona_27891\/datos_es.html?marcaTxtBusc=ignacio%20mira%20solves\">Mira Solves, Ignacio<\/a><\/p>\n<p>&nbsp;<\/p>\n<hr \/>\n<hr \/>\n<h4><span style=\"color: #000000\"><a href=\"https:\/\/fcsjelche.umh.es\/files\/2022\/07\/rafael_domenech.png\"><img loading=\"lazy\" class=\"wp-image-2135 alignleft\" src=\"https:\/\/fcsjelche.umh.es\/files\/2022\/07\/rafael_domenech.png\" alt=\"\" width=\"95\" height=\"95\" srcset=\"https:\/\/fcsjelche.umh.es\/files\/2022\/07\/rafael_domenech.png 300w, https:\/\/fcsjelche.umh.es\/files\/2022\/07\/rafael_domenech-150x150.png 150w\" sizes=\"(max-width: 95px) 100vw, 95px\" \/><\/a>Vicedecano de Coordinaci\u00f3n e Internacionalizaci\u00f3n<\/span><\/h4>\n<p><span style=\"color: #000000\"><a style=\"color: #000000\" href=\"https:\/\/www.umh.es\/contenido\/Universidad\/:persona_5585\/datos_es.html\">Domenech S\u00e1nchez, Rafael Carlos<\/a><\/span><\/p>\n<p>&nbsp;<\/p>\n<h4><span style=\"color: #000000\"><a href=\"https:\/\/fcsjelche.umh.es\/files\/2023\/11\/maria_jose_alarcon.png\"><img loading=\"lazy\" class=\"wp-image-2810 alignleft\" src=\"https:\/\/fcsjelche.umh.es\/files\/2023\/11\/maria_jose_alarcon.png\" alt=\"\" width=\"94\" height=\"94\" srcset=\"https:\/\/fcsjelche.umh.es\/files\/2023\/11\/maria_jose_alarcon.png 703w, https:\/\/fcsjelche.umh.es\/files\/2023\/11\/maria_jose_alarcon-300x300.png 300w, https:\/\/fcsjelche.umh.es\/files\/2023\/11\/maria_jose_alarcon-150x150.png 150w\" sizes=\"(max-width: 94px) 100vw, 94px\" \/><\/a>Vicedecana de Gesti\u00f3n Acad\u00e9mica y Calidad<br \/>\n<\/span><\/h4>\n<p><span style=\"color: #000000\"><a style=\"color: #000000\" href=\"https:\/\/www.umh.es\/contenido\/Universidad\/:persona_5577\/datos_es.html?marcaTxtBusc=Mar%C3%ADa%20Jos%C3%A9%20Alarc%C3%B3n%20Garc%C3%ADa\">Alarc\u00f3n Garc\u00eda, Mar\u00eda Jos\u00e9<\/a><\/span><\/p>\n<p>&nbsp;<\/p>\n<h4><span style=\"color: #000000\"><a href=\"https:\/\/fcsjelche.umh.es\/files\/2023\/02\/monica_gonzalez.png\"><img loading=\"lazy\" class=\"wp-image-2473 alignleft\" src=\"https:\/\/fcsjelche.umh.es\/files\/2023\/02\/monica_gonzalez-1024x1024.png\" alt=\"\" width=\"97\" height=\"97\" srcset=\"https:\/\/fcsjelche.umh.es\/files\/2023\/02\/monica_gonzalez-1024x1024.png 1024w, https:\/\/fcsjelche.umh.es\/files\/2023\/02\/monica_gonzalez-300x300.png 300w, https:\/\/fcsjelche.umh.es\/files\/2023\/02\/monica_gonzalez-150x150.png 150w, https:\/\/fcsjelche.umh.es\/files\/2023\/02\/monica_gonzalez-768x769.png 768w, https:\/\/fcsjelche.umh.es\/files\/2023\/02\/monica_gonzalez.png 1521w\" sizes=\"(max-width: 97px) 100vw, 97px\" \/><\/a>Coordinadora de Proyecci\u00f3n<br \/>\n<\/span><\/h4>\n<p><span style=\"color: #000000\"><a style=\"color: #000000\" href=\"https:\/\/www.umh.es\/contenido\/Universidad\/:persona_178780\/datos_es.html?marcaTxtBusc=M%C3%B3nica%20Gonz%C3%A1lez%20Morales\">Gonz\u00e1lez Morales, M\u00f3nica<\/a><\/span><\/p>\n<p>&nbsp;<\/p>\n<h4><span style=\"color: #000000\"><a href=\"https:\/\/fcsjelche.umh.es\/files\/2022\/11\/nuria_reche.png\"><img loading=\"lazy\" class=\"wp-image-2331 alignleft\" src=\"https:\/\/fcsjelche.umh.es\/files\/2022\/11\/nuria_reche.png\" alt=\"\" width=\"96\" height=\"96\" srcset=\"https:\/\/fcsjelche.umh.es\/files\/2022\/11\/nuria_reche.png 300w, https:\/\/fcsjelche.umh.es\/files\/2022\/11\/nuria_reche-150x150.png 150w\" sizes=\"(max-width: 96px) 100vw, 96px\" \/><\/a>Coordinadora de Estudiantes, Igualdad y Diversidad<br \/>\n<\/span><\/h4>\n<p><span style=\"color: #000000\"><a style=\"color: #000000\" href=\"https:\/\/www.umh.es\/contenido\/Universidad\/:persona_152490\/datos_es.html?marcaTxtBusc=Nuria%20Reche%20Tello\">Reche Tello, Nuria<\/a><\/span><\/p>\n<p>&nbsp;<\/p>\n<h4><span style=\"color: #000000\"><a href=\"https:\/\/fcsjelche.umh.es\/files\/2022\/07\/jose_antonio_garcia.png\"><img loading=\"lazy\" class=\"wp-image-2120 alignleft\" src=\"https:\/\/fcsjelche.umh.es\/files\/2022\/07\/jose_antonio_garcia.png\" alt=\"\" width=\"95\" height=\"94\" srcset=\"https:\/\/fcsjelche.umh.es\/files\/2022\/07\/jose_antonio_garcia.png 300w, https:\/\/fcsjelche.umh.es\/files\/2022\/07\/jose_antonio_garcia-150x150.png 150w\" sizes=\"(max-width: 95px) 100vw, 95px\" \/><\/a>Vicedecano del grado en Administraci\u00f3n y Direcci\u00f3n de Empresas<\/span><\/h4>\n<p><span style=\"color: #000000\"><a style=\"color: #000000\" href=\"https:\/\/www.umh.es\/contenido\/Universidad\/:persona_159820\/datos_es.html\">Garc\u00eda Mart\u00ednez, Jos\u00e9 Antonio<\/a><\/span><\/p>\n<p>&nbsp;<\/p>\n<h4><span style=\"color: #000000\"><a href=\"https:\/\/fcsjelche.umh.es\/files\/2022\/07\/francisco_j_martinez.png\"><img loading=\"lazy\" class=\"wp-image-2114 alignleft\" src=\"https:\/\/fcsjelche.umh.es\/files\/2022\/07\/francisco_j_martinez.png\" alt=\"\" width=\"95\" height=\"95\" srcset=\"https:\/\/fcsjelche.umh.es\/files\/2022\/07\/francisco_j_martinez.png 300w, https:\/\/fcsjelche.umh.es\/files\/2022\/07\/francisco_j_martinez-150x150.png 150w\" sizes=\"(max-width: 95px) 100vw, 95px\" \/><\/a><\/span><\/h4>\n<h4><span style=\"color: #000000\">Vicedecano <\/span><span style=\"color: #000000\">del grado en Comunicaci\u00f3n Audiovisual<\/span><\/h4>\n<p><span style=\"color: #000000\"><a style=\"color: #000000\" href=\"https:\/\/www.umh.es\/contenido\/Estudios\/:persona_111941\/datos_es.html\">Mart\u00ednez Cano, Francisco Juli\u00e1n<\/a><\/span><\/p>\n<p>&nbsp;<\/p>\n<h4><span style=\"color: #000000\"><a href=\"https:\/\/fcsjelche.umh.es\/files\/2022\/07\/alfonso_ortega.png\"><img loading=\"lazy\" class=\"wp-image-2156 alignleft\" src=\"https:\/\/fcsjelche.umh.es\/files\/2022\/07\/alfonso_ortega.png\" alt=\"\" width=\"97\" height=\"97\" srcset=\"https:\/\/fcsjelche.umh.es\/files\/2022\/07\/alfonso_ortega.png 300w, https:\/\/fcsjelche.umh.es\/files\/2022\/07\/alfonso_ortega-150x150.png 150w\" sizes=\"(max-width: 97px) 100vw, 97px\" \/><\/a>Vicedecano del grado en Derecho<\/span><\/h4>\n<p><span style=\"color: #000000\"><a style=\"color: #000000\" href=\"https:\/\/www.umh.es\/contenido\/Universidad\/:persona_111572\/datos_es.html\">Ortega Gim\u00e9nez, Alfonso<\/a><\/span><\/p>\n<p>&nbsp;<\/p>\n<h4><span style=\"color: #000000\"><a href=\"https:\/\/fcsjelche.umh.es\/files\/2022\/07\/paloma_arrabal.png\"><img loading=\"lazy\" class=\"wp-image-2129 alignleft\" src=\"https:\/\/fcsjelche.umh.es\/files\/2022\/07\/paloma_arrabal.png\" alt=\"\" width=\"95\" height=\"95\" srcset=\"https:\/\/fcsjelche.umh.es\/files\/2022\/07\/paloma_arrabal.png 300w, https:\/\/fcsjelche.umh.es\/files\/2022\/07\/paloma_arrabal-150x150.png 150w\" sizes=\"(max-width: 95px) 100vw, 95px\" \/><\/a><\/span><\/h4>\n<h4><span style=\"color: #000000\">Vicedecana del grado en Derecho Semipresencial<\/span><\/h4>\n<p><span style=\"color: #000000\"><a style=\"color: #000000\" href=\"https:\/\/www.umh.es\/contenido\/Universidad\/:persona_156894\/datos_es.html?marcaTxtBusc=paloma%20arrabal%20platero\">Arrabal Platero, Paloma<\/a><\/span><\/p>\n<p>&nbsp;<\/p>\n<h4><span style=\"color: #000000\"><a href=\"https:\/\/fcsjelche.umh.es\/files\/2022\/07\/jose_luis_sainz_pardo.png\"><img loading=\"lazy\" class=\"wp-image-2123 alignleft\" src=\"https:\/\/fcsjelche.umh.es\/files\/2022\/07\/jose_luis_sainz_pardo.png\" alt=\"\" width=\"95\" height=\"95\" srcset=\"https:\/\/fcsjelche.umh.es\/files\/2022\/07\/jose_luis_sainz_pardo.png 300w, https:\/\/fcsjelche.umh.es\/files\/2022\/07\/jose_luis_sainz_pardo-150x150.png 150w\" sizes=\"(max-width: 95px) 100vw, 95px\" \/><\/a>Vicedecano del grado en Estad\u00edstica Empresarial<\/span><\/h4>\n<p><span style=\"color: #000000\"><a style=\"color: #000000\" href=\"https:\/\/www.umh.es\/contenido\/Universidad\/:persona_4485\/datos_es.html\">Sainz-Pardo Au\u00f1\u00f3n, Jos\u00e9 Luis<\/a><\/span><\/p>\n<p>&nbsp;<\/p>\n<h4><span style=\"color: #000000\"><a href=\"https:\/\/fcsjelche.umh.es\/files\/2022\/07\/felix_arias.png\"><img loading=\"lazy\" class=\"wp-image-2111 alignleft\" src=\"https:\/\/fcsjelche.umh.es\/files\/2022\/07\/felix_arias.png\" alt=\"\" width=\"96\" height=\"96\" srcset=\"https:\/\/fcsjelche.umh.es\/files\/2022\/07\/felix_arias.png 300w, https:\/\/fcsjelche.umh.es\/files\/2022\/07\/felix_arias-150x150.png 150w\" sizes=\"(max-width: 96px) 100vw, 96px\" \/><\/a>Vicedecano del grado en Periodismo<\/span><\/h4>\n<p><a href=\"https:\/\/www.umh.es\/contenido\/Universidad\/:persona_129652\/datos_es.html\"><span style=\"color: #000000\">Arias Robles, F\u00e9lix<\/span><\/a><\/p>\n<p>&nbsp;<\/p>\n<h4><span style=\"color: #000000\"><a href=\"https:\/\/fcsjelche.umh.es\/files\/2022\/07\/purificacion_cremades.png\"><img loading=\"lazy\" class=\"wp-image-2132 alignleft\" src=\"https:\/\/fcsjelche.umh.es\/files\/2022\/07\/purificacion_cremades.png\" alt=\"\" width=\"94\" height=\"94\" srcset=\"https:\/\/fcsjelche.umh.es\/files\/2022\/07\/purificacion_cremades.png 300w, https:\/\/fcsjelche.umh.es\/files\/2022\/07\/purificacion_cremades-150x150.png 150w\" sizes=\"(max-width: 94px) 100vw, 94px\" \/><\/a>Vicedecana del grado en Relaciones Laborales y Recursos Humanos<\/span><\/h4>\n<p><span style=\"color: #000000\"><a style=\"color: #000000\" href=\"https:\/\/www.umh.es\/contenido\/Universidad\/:persona_3856\/datos_es.html\">Cremades Garc\u00eda, Purificaci\u00f3n<\/a><\/span><\/p>\n<p>&nbsp;<\/p>\n<h4><span style=\"color: #000000\"><a href=\"https:\/\/fcsjelche.umh.es\/files\/2022\/07\/zoraida_esteve.png\"><img loading=\"lazy\" class=\"wp-image-2147 alignleft\" src=\"https:\/\/fcsjelche.umh.es\/files\/2022\/07\/zoraida_esteve.png\" alt=\"\" width=\"95\" height=\"95\" srcset=\"https:\/\/fcsjelche.umh.es\/files\/2022\/07\/zoraida_esteve.png 300w, https:\/\/fcsjelche.umh.es\/files\/2022\/07\/zoraida_esteve-150x150.png 150w\" sizes=\"(max-width: 95px) 100vw, 95px\" \/><\/a>Coordinadora de \u00e1rea para el grado en Seguridad P\u00fablica y Privada<\/span><\/h4>\n<p><span style=\"color: #000000\"><a style=\"color: #000000\" href=\"https:\/\/www.umh.es\/contenido\/Estudios\/:persona_142753\/datos_es.html\"><span style=\"text-decoration: underline\">Esteve Ba\u00f1\u00f3n, Zoraida<\/span><\/a><\/span><\/p>\n<p>&nbsp;<\/p>\n<h4><span style=\"color: #000000\"><a href=\"https:\/\/fcsjelche.umh.es\/files\/2022\/07\/carmen_ortiz.png\"><img loading=\"lazy\" class=\"wp-image-2108 alignleft\" src=\"https:\/\/fcsjelche.umh.es\/files\/2022\/07\/carmen_ortiz.png\" alt=\"\" width=\"95\" height=\"95\" srcset=\"https:\/\/fcsjelche.umh.es\/files\/2022\/07\/carmen_ortiz.png 300w, https:\/\/fcsjelche.umh.es\/files\/2022\/07\/carmen_ortiz-150x150.png 150w\" sizes=\"(max-width: 95px) 100vw, 95px\" \/><\/a>Vicedecana del doble grado en Derecho y Administraci\u00f3n de Empresas<\/span><\/h4>\n<p><span style=\"color: #000000\"><a style=\"color: #000000\" href=\"https:\/\/www.umh.es\/contenido\/Universidad\/:persona_151519\/datos_es.html\">Ort\u00edz del Valle, Mar\u00eda del Carmen<\/a><\/span><\/p>\n<p>&nbsp;<\/p>\n<h4><span style=\"color: #000000\"><a href=\"https:\/\/fcsjelche.umh.es\/files\/2022\/07\/vicente_j_perez.png\"><img loading=\"lazy\" class=\"wp-image-2144 alignleft\" src=\"https:\/\/fcsjelche.umh.es\/files\/2022\/07\/vicente_j_perez.png\" alt=\"\" width=\"95\" height=\"95\" \/><\/a>Vicedecano de doble grado en Comunicaci\u00f3n Audiovisual y Periodismo<\/span><\/h4>\n<p><span style=\"color: #000000\"><a style=\"color: #000000\" href=\"https:\/\/www.umh.es\/contenido\/Universidad\/:persona_4728\/datos_es.html\">P\u00e9rez Valero, Vicente Javier<\/a><\/span><\/p>\n<h4><\/h4>\n<p><\/p>","protected":false},"excerpt":{"rendered":"<p>Decana, Vicedecanos y Coordinadores de Facultad<\/p>\n<p>Dean of the Faculty of Social and Legal Sciences of Elche<br \/>\nEscolano Asensi, Carmen V.<br \/>\n&nbsp;<\/p>\n<p>Secretario de la Facultad de Ciencias Sociales y Jur\u00eddicas de Elche<br \/>\nMira Solves, Ignacio<br \/>\n&nbsp;<\/p>\n<p>Vicedecano de Coordinaci\u00f3n e Internacionalizaci\u00f3n<br \/>\nDomenech S\u00e1nchez, Rafael Carlos<br \/>\n&nbsp;<br \/>\nVicedecana de Gesti\u00f3n Acad\u00e9mica y Calidad<\/p>\n<p>Alarc\u00f3n Garc\u00eda, Mar\u00eda Jos\u00e9<br \/>\n&nbsp;<br \/>\nCoordinadora de Proyecci\u00f3n<\/p>\n<p>Gonz\u00e1lez Morales, M\u00f3nica<br \/>\n&nbsp;<br \/>\nCoordinadora de Estudiantes, Igualdad y Diversidad<\/p>\n<p>Reche [&#8230;]<\/p>\n","protected":false},"author":2674,"featured_media":0,"parent":22,"menu_order":101,"comment_status":"closed","ping_status":"closed","template":"","meta":{"_links_to":"","_links_to_target":""},"_links":{"self":[{"href":"https:\/\/fcsjelche.umh.es\/en\/wp-json\/wp\/v2\/pages\/28"}],"collection":[{"href":"https:\/\/fcsjelche.umh.es\/en\/wp-json\/wp\/v2\/pages"}],"about":[{"href":"https:\/\/fcsjelche.umh.es\/en\/wp-json\/wp\/v2\/types\/page"}],"author":[{"embeddable":true,"href":"https:\/\/fcsjelche.umh.es\/en\/wp-json\/wp\/v2\/users\/2674"}],"replies":[{"embeddable":true,"href":"https:\/\/fcsjelche.umh.es\/en\/wp-json\/wp\/v2\/comments?post=28"}],"version-history":[{"count":0,"href":"https:\/\/fcsjelche.umh.es\/en\/wp-json\/wp\/v2\/pages\/28\/revisions"}],"up":[{"embeddable":true,"href":"https:\/\/fcsjelche.umh.es\/en\/wp-json\/wp\/v2\/pages\/22"}],"wp:attachment":[{"href":"https:\/\/fcsjelche.umh.es\/en\/wp-json\/wp\/v2\/media?parent=28"}],"curies":[{"name":"wp","href":"https:\/\/api.w.org\/{rel}","templated":true}]}}