{"id":284,"date":"2017-09-01T12:48:28","date_gmt":"2017-09-01T10:48:28","guid":{"rendered":"http:\/\/fcsjelche.umh.es\/?page_id=284"},"modified":"2025-10-01T10:47:48","modified_gmt":"2025-10-01T08:47:48","slug":"guia-ayuda-para-utilizar-la-aplicacion-tfg-para-profesores","status":"publish","type":"page","link":"https:\/\/fcsjelche.umh.es\/en\/estudiantes\/trabajo-de-fin-de-grado\/guia-ayuda-para-utilizar-la-aplicacion-tfg-para-profesores\/","title":{"rendered":"DFP guide for teachers"},"content":{"rendered":"<p>Below you can download the necessary documents for teachers:<\/p>\n<h3><a href=\"https:\/\/fcsjelche.umh.es\/files\/2019\/04\/GU\u00cdA-APLICACI\u00d3N-TFG_Tutor-MODELO-A-Y-B.pdf\">TFG_Tutor APPLICATION GUIDE MODEL A &amp; B (Pdf)<\/a><\/h3>\n<h3><a href=\"https:\/\/fcsjelche.umh.es\/files\/2019\/04\/GU\u00cdA-APLICACI\u00d3N-TUTOR-EVALUACION-TFG.pdf\">TUTOR APPLICATION GUIDE TFG EVALUATION (Pdf)<\/a><\/h3>\n<h3><a href=\"https:\/\/fcsjelche.umh.es\/files\/2020\/07\/TUTOR_A-ANEXO_ACTA-INDIVIDUAL-SESIO\u0301N-EVALUATIVA-FINAL-DEL-TFG.pdf\" rel=\"noopener noreferrer\"><strong>Annex Tutor Report and Individual Record of the Evaluation Session (Pdf)<\/strong><\/a><\/h3>\n<h3><a href=\"https:\/\/fcsjelche.umh.es\/files\/2019\/04\/GU\u00cdA-AYUDA-APLICACI\u00d3N-TFG_Responsable-Titulaci\u00f3n-1.pdf\">TFG APPLICATION GUIDE TFG_Responsible for Degree (Pdf)<\/a><\/h3>\n<h3><a href=\"http:\/\/dspace.umh.es\/handle\/11000\/6?locale=en\">CLICK ON THE LINK TO CONSULT THE REPOSITORY IN TFG LIBRARIES<\/a><\/h3>\n<hr \/>\n<p>For doubts on the Degree Final Project (DFP) consult with the Faculty of Social and Legal Studies of Elche<\/p>","protected":false},"excerpt":{"rendered":"<p>Below you can download the necessary documents for teachers:<br \/>\nTFG_Tutor APPLICATION GUIDE MODEL A &amp; B (Pdf)<br \/>\nTUTOR APPLICATION GUIDE TFG EVALUATION (Pdf)<br \/>\nAnnex Tutor Report and Individual Record of the Evaluation Session (Pdf)<br \/>\nTFG APPLICATION GUIDE TFG_Responsible for Degree (Pdf)<br \/>\nCLICK ON THE LINK TO CONSULT THE REPOSITORY IN TFG LIBRARIES<\/p>\n<p>For doubts on the Degree Final Project (DFP) consult [&#8230;]<\/p>\n","protected":false},"author":309,"featured_media":0,"parent":47,"menu_order":20,"comment_status":"closed","ping_status":"closed","template":"","meta":{"_links_to":"","_links_to_target":""},"_links":{"self":[{"href":"https:\/\/fcsjelche.umh.es\/en\/wp-json\/wp\/v2\/pages\/284"}],"collection":[{"href":"https:\/\/fcsjelche.umh.es\/en\/wp-json\/wp\/v2\/pages"}],"about":[{"href":"https:\/\/fcsjelche.umh.es\/en\/wp-json\/wp\/v2\/types\/page"}],"author":[{"embeddable":true,"href":"https:\/\/fcsjelche.umh.es\/en\/wp-json\/wp\/v2\/users\/309"}],"replies":[{"embeddable":true,"href":"https:\/\/fcsjelche.umh.es\/en\/wp-json\/wp\/v2\/comments?post=284"}],"version-history":[{"count":0,"href":"https:\/\/fcsjelche.umh.es\/en\/wp-json\/wp\/v2\/pages\/284\/revisions"}],"up":[{"embeddable":true,"href":"https:\/\/fcsjelche.umh.es\/en\/wp-json\/wp\/v2\/pages\/47"}],"wp:attachment":[{"href":"https:\/\/fcsjelche.umh.es\/en\/wp-json\/wp\/v2\/media?parent=284"}],"curies":[{"name":"wp","href":"https:\/\/api.w.org\/{rel}","templated":true}]}}